{"id":35352,"date":"2025-11-10T13:24:28","date_gmt":"2025-11-10T12:24:28","guid":{"rendered":"https:\/\/gipuzkoamerkatariak.com\/buenas-practicas\/"},"modified":"2025-11-19T16:46:24","modified_gmt":"2025-11-19T15:46:24","slug":"buenas-practicas","status":"publish","type":"page","link":"https:\/\/gipuzkoamerkatariak.com\/eu\/buenas-practicas\/","title":{"rendered":"Buenas Pr\u00e1cticas"},"content":{"rendered":"<p>[et_pb_section fb_built=&#8221;1&#8243; _builder_version=&#8221;4.16&#8243; _module_preset=&#8221;default&#8221; background_enable_color=&#8221;off&#8221; custom_padding=&#8221;6px|||||&#8221; global_colors_info=&#8221;{}&#8221;][et_pb_row _builder_version=&#8221;4.16&#8243; _module_preset=&#8221;default&#8221; background_color=&#8221;RGBA(0,0,0,0)&#8221; custom_padding=&#8221;50px|||||&#8221; global_colors_info=&#8221;{}&#8221;][et_pb_column type=&#8221;4_4&#8243; _builder_version=&#8221;4.16&#8243; _module_preset=&#8221;default&#8221; global_colors_info=&#8221;{}&#8221;][et_pb_divider color=&#8221;#000000&#8243; _builder_version=&#8221;4.16&#8243; _module_preset=&#8221;default&#8221; custom_margin=&#8221;||0px||false|false&#8221; custom_margin_tablet=&#8221;|20px|0px|20px|false|false&#8221; custom_margin_phone=&#8221;&#8221; custom_margin_last_edited=&#8221;on|tablet&#8221; global_colors_info=&#8221;{}&#8221;][\/et_pb_divider][et_pb_text _builder_version=&#8221;4.27.4&#8243; _module_preset=&#8221;default&#8221; text_font=&#8221;|700|||||||&#8221; custom_margin=&#8221;||||false|false&#8221; custom_margin_tablet=&#8221;|||20px|false|false&#8221; custom_margin_phone=&#8221;&#8221; custom_margin_last_edited=&#8221;on|tablet&#8221; global_colors_info=&#8221;{}&#8221;]<\/p>\n<h1><strong>JARDUNBIDE ONAK<\/strong><\/h1>\n<p>[\/et_pb_text][\/et_pb_column][\/et_pb_row][et_pb_row column_structure=&#8221;1_3,1_3,1_3&#8243; _builder_version=&#8221;4.22.1&#8243; _module_preset=&#8221;default&#8221; global_colors_info=&#8221;{}&#8221;][et_pb_column type=&#8221;1_3&#8243; _builder_version=&#8221;4.22.1&#8243; _module_preset=&#8221;default&#8221; global_colors_info=&#8221;{}&#8221;][et_pb_text _builder_version=&#8221;4.27.4&#8243; _module_preset=&#8221;default&#8221; hover_enabled=&#8221;0&#8243; global_colors_info=&#8221;{}&#8221; sticky_enabled=&#8221;0&#8243;]<\/p>\n<p><strong>3. GJH. OSASUNA ETA ONGIZATEA<\/strong><\/p>\n<p><strong><\/strong><\/p>\n<p><span style=\"color: #008000;\"><strong>HELMET HOUSE<\/strong><\/span><\/p>\n<p><a href=\"https:\/\/youtu.be\/zXUumRBMczU\">Pertsonak zaintzea komunitatea egitea ere bada.<\/a><\/p>\n<p>[\/et_pb_text][et_pb_video src=&#8221;https:\/\/youtu.be\/f9JAHEK5Ht4&#8243; _builder_version=&#8221;4.27.4&#8243; _module_preset=&#8221;default&#8221; global_colors_info=&#8221;{}&#8221;][\/et_pb_video][\/et_pb_column][et_pb_column type=&#8221;1_3&#8243; _builder_version=&#8221;4.16&#8243; _module_preset=&#8221;default&#8221; global_colors_info=&#8221;{}&#8221;][et_pb_text _builder_version=&#8221;4.27.4&#8243; _module_preset=&#8221;default&#8221; hover_enabled=&#8221;0&#8243; global_colors_info=&#8221;{}&#8221; sticky_enabled=&#8221;0&#8243;]<\/p>\n<p><strong>12. GJH. EKOIZPEN ETA KONTSUMO ARDURATSUAK<\/strong><\/p>\n<p><span style=\"color: #008000;\"><strong>LEIRE SANTILL\u00c1N<\/strong><\/span><\/p>\n<p><a href=\"https:\/\/youtu.be\/a8t2npV-IUs\">Moda arimarekin egiten denean, jasangarritasuna ere bada.<\/a><\/p>\n<p>[\/et_pb_text][et_pb_video src=&#8221;https:\/\/youtu.be\/n-tpH_X-bYI&#8221; _builder_version=&#8221;4.27.4&#8243; _module_preset=&#8221;default&#8221; global_colors_info=&#8221;{}&#8221;][\/et_pb_video][\/et_pb_column][et_pb_column type=&#8221;1_3&#8243; _builder_version=&#8221;4.22.1&#8243; _module_preset=&#8221;default&#8221; global_colors_info=&#8221;{}&#8221;][et_pb_text _builder_version=&#8221;4.27.4&#8243; _module_preset=&#8221;default&#8221; hover_enabled=&#8221;0&#8243; global_colors_info=&#8221;{}&#8221; sticky_enabled=&#8221;0&#8243;]<\/p>\n<p><strong>12. GJH. EKOIZPEN ETA KONTSUMO ARDURATSUAK<\/strong><\/p>\n<p><span style=\"color: #008000;\"><strong>LIOT HOME<\/strong><\/span><\/p>\n<p><a href=\"https:\/\/youtu.be\/kvIRalKEK2w\">Kontsumitzeko beste modu bat: arduratsua, sortzailea eta memoriaduna.<\/a><\/p>\n<p>[\/et_pb_text][et_pb_video src=&#8221;https:\/\/youtu.be\/vWVcEIsPZo8&#8243; _builder_version=&#8221;4.27.4&#8243; _module_preset=&#8221;default&#8221; global_colors_info=&#8221;{}&#8221;][\/et_pb_video][\/et_pb_column][\/et_pb_row][et_pb_row column_structure=&#8221;1_3,1_3,1_3&#8243; _builder_version=&#8221;4.22.1&#8243; _module_preset=&#8221;default&#8221; global_colors_info=&#8221;{}&#8221;][et_pb_column type=&#8221;1_3&#8243; _builder_version=&#8221;4.22.1&#8243; _module_preset=&#8221;default&#8221; global_colors_info=&#8221;{}&#8221;][et_pb_text _builder_version=&#8221;4.27.4&#8243; _module_preset=&#8221;default&#8221; hover_enabled=&#8221;0&#8243; global_colors_info=&#8221;{}&#8221; sticky_enabled=&#8221;0&#8243;]<\/p>\n<p><strong>7. GJH. ENERGIA ESKURAGARRIA ETA EZ KUTSATZAILEA<\/strong><\/p>\n<p><span style=\"color: #008000;\"><strong>OTAR GOXO<\/strong><\/span><\/p>\n<p><a href=\"https:\/\/youtu.be\/8DYuub6X278\">Planetarekiko konpromisoa egunerokotasunaren parte denean.<\/a><\/p>\n<p>[\/et_pb_text][et_pb_video src=&#8221;https:\/\/youtu.be\/LxL36X0VNrU&#8221; _builder_version=&#8221;4.27.4&#8243; _module_preset=&#8221;default&#8221; global_colors_info=&#8221;{}&#8221;][\/et_pb_video][\/et_pb_column][et_pb_column type=&#8221;1_3&#8243; _builder_version=&#8221;4.16&#8243; _module_preset=&#8221;default&#8221; global_colors_info=&#8221;{}&#8221;][et_pb_text _builder_version=&#8221;4.27.4&#8243; _module_preset=&#8221;default&#8221; hover_enabled=&#8221;0&#8243; global_colors_info=&#8221;{}&#8221; sticky_enabled=&#8221;0&#8243;]<\/p>\n<p><strong>5. GJH. GENERO BERDINTASUNA<\/strong><\/p>\n<p><strong><\/strong><\/p>\n<p><span style=\"color: #008000;\"><strong>BIYONA JANARIDENDA<\/strong><\/span><strong><\/strong><\/p>\n<p><a href=\"https:\/\/youtu.be\/nzgsWC-jaUs\">Konpromisoaren eta lan partekatuaren adibidea<\/a><\/p>\n<p>[\/et_pb_text][et_pb_video src=&#8221;https:\/\/youtu.be\/l6nBrw-AY2Y&#8221; _builder_version=&#8221;4.27.4&#8243; _module_preset=&#8221;default&#8221; global_colors_info=&#8221;{}&#8221;][\/et_pb_video][\/et_pb_column][et_pb_column type=&#8221;1_3&#8243; _builder_version=&#8221;4.22.1&#8243; _module_preset=&#8221;default&#8221; global_colors_info=&#8221;{}&#8221;][et_pb_text _builder_version=&#8221;4.27.4&#8243; _module_preset=&#8221;default&#8221; hover_enabled=&#8221;0&#8243; global_colors_info=&#8221;{}&#8221; sticky_enabled=&#8221;0&#8243;]<\/p>\n<p><strong>3. GJH. OSASUNA ETA ONGIZATEA<\/strong><\/p>\n<p><strong><\/strong><\/p>\n<p><span style=\"color: #008000;\"><strong>EKODENDA UL\u00cdA<\/strong><\/span><\/p>\n<p><a href=\"https:\/\/youtu.be\/N5XcP1840t8\">Osasuna, guztiaren erdigunean<\/a><\/p>\n<p>[\/et_pb_text][et_pb_video src=&#8221;https:\/\/youtu.be\/GNYfx2Y1Vy0&#8243; _builder_version=&#8221;4.27.4&#8243; _module_preset=&#8221;default&#8221; global_colors_info=&#8221;{}&#8221;][\/et_pb_video][\/et_pb_column][\/et_pb_row][et_pb_row column_structure=&#8221;1_3,1_3,1_3&#8243; _builder_version=&#8221;4.22.1&#8243; _module_preset=&#8221;default&#8221; global_colors_info=&#8221;{}&#8221;][et_pb_column type=&#8221;1_3&#8243; _builder_version=&#8221;4.22.1&#8243; _module_preset=&#8221;default&#8221; global_colors_info=&#8221;{}&#8221;][et_pb_text _builder_version=&#8221;4.27.4&#8243; _module_preset=&#8221;default&#8221; hover_enabled=&#8221;0&#8243; global_colors_info=&#8221;{}&#8221; sticky_enabled=&#8221;0&#8243;]<\/p>\n<p><strong>13. GJH. KLIMAREN ALDEKO EKINTZA<\/strong><\/p>\n<p><strong><\/strong><\/p>\n<p><span style=\"color: #008000;\"><strong>VIAJAR A LA CARTA<\/strong><\/span><\/p>\n<p><a href=\"https:\/\/youtu.be\/3PVnDspCJQc\">Turismo arduratsuaren aldeko apustua<\/a><\/p>\n<p>[\/et_pb_text][et_pb_video src=&#8221;https:\/\/youtu.be\/PlYy9p0wfyA&#8221; _builder_version=&#8221;4.27.4&#8243; _module_preset=&#8221;default&#8221; global_colors_info=&#8221;{}&#8221;][\/et_pb_video][\/et_pb_column][et_pb_column type=&#8221;1_3&#8243; _builder_version=&#8221;4.16&#8243; _module_preset=&#8221;default&#8221; global_colors_info=&#8221;{}&#8221;][et_pb_text _builder_version=&#8221;4.27.4&#8243; _module_preset=&#8221;default&#8221; hover_enabled=&#8221;0&#8243; global_colors_info=&#8221;{}&#8221; sticky_enabled=&#8221;0&#8243;]<\/p>\n<p><strong>8. GJHa: LAN DUINA ETA HAZKUNDE EKONOMIKOA<\/strong><\/p>\n<p><span><strong><span style=\"color: #008000;\">GIOVANNA BITTANTE<\/span> <\/strong><\/span><\/p>\n<p><a href=\"https:\/\/youtu.be\/JcXCR0uodNU\">Artea eta artisautza bizimodu jasangarri bihurtzen direnean.<\/a><\/p>\n<p>[\/et_pb_text][et_pb_video src=&#8221;https:\/\/youtu.be\/g4BCZj5aPHY&#8221; _builder_version=&#8221;4.27.4&#8243; _module_preset=&#8221;default&#8221; global_colors_info=&#8221;{}&#8221;][\/et_pb_video][\/et_pb_column][et_pb_column type=&#8221;1_3&#8243; _builder_version=&#8221;4.22.1&#8243; _module_preset=&#8221;default&#8221; global_colors_info=&#8221;{}&#8221;][et_pb_text _builder_version=&#8221;4.27.4&#8243; _module_preset=&#8221;default&#8221; hover_enabled=&#8221;0&#8243; global_colors_info=&#8221;{}&#8221; sticky_enabled=&#8221;0&#8243;]<\/p>\n<p><strong>11. GJH: HIRI ETA KOMUNITATE IRAUNKORRAK<\/strong><\/p>\n<p><span style=\"color: #008000;\"><strong>PESCADER\u00cdA F\u00c9LIX<\/strong><\/span><\/p>\n<p><a href=\"https:\/\/youtu.be\/0MxlDtLKw0o\">Tokikoa eta erantzukizuna tradizioa eta iraunkortasuna lotzen dituztenean.<\/a><\/p>\n<p>[\/et_pb_text][et_pb_video src=&#8221;https:\/\/youtu.be\/ir10ezKY2xQ&#8221; _builder_version=&#8221;4.27.4&#8243; _module_preset=&#8221;default&#8221; global_colors_info=&#8221;{}&#8221;][\/et_pb_video][\/et_pb_column][\/et_pb_row][et_pb_row column_structure=&#8221;1_3,1_3,1_3&#8243; _builder_version=&#8221;4.22.1&#8243; _module_preset=&#8221;default&#8221; global_colors_info=&#8221;{}&#8221;][et_pb_column type=&#8221;1_3&#8243; _builder_version=&#8221;4.22.1&#8243; _module_preset=&#8221;default&#8221; global_colors_info=&#8221;{}&#8221;][et_pb_text _builder_version=&#8221;4.27.4&#8243; _module_preset=&#8221;default&#8221; hover_enabled=&#8221;0&#8243; global_colors_info=&#8221;{}&#8221; sticky_enabled=&#8221;0&#8243;]<\/p>\n<p><strong>10. GJH: DESBERDINTASUNAK MURRIZTEA<\/strong><\/p>\n<p><strong><br \/><\/strong><span style=\"color: #008000;\"><strong>LIBRER\u00cdA NOSKI\u00a0<\/strong><\/span><\/p>\n<p><a href=\"https:\/\/youtu.be\/wnKd-_N5v2g\">Irakurketaren bidez inklusioa sustatzen duen kultura anitzeko gunea<\/a><\/p>\n<p>[\/et_pb_text][et_pb_video src=&#8221;https:\/\/youtu.be\/aUQrEkHoBa8&#8243; _builder_version=&#8221;4.27.4&#8243; _module_preset=&#8221;default&#8221; global_colors_info=&#8221;{}&#8221;][\/et_pb_video][\/et_pb_column][et_pb_column type=&#8221;1_3&#8243; _builder_version=&#8221;4.16&#8243; _module_preset=&#8221;default&#8221; global_colors_info=&#8221;{}&#8221;][et_pb_text _builder_version=&#8221;4.27.4&#8243; _module_preset=&#8221;default&#8221; global_colors_info=&#8221;{}&#8221;]<\/p>\n<h3 style=\"text-align: center;\"><strong><span style=\"color: #008000;\">KANPAINAREN <\/span><\/strong><\/h3>\n<h3 style=\"text-align: center;\"><strong><span style=\"color: #008000;\">BIDEO NAGUSIA<\/span><\/strong><\/h3>\n<p><strong><\/strong><\/p>\n<p><strong><\/strong><\/p>\n<p>&nbsp;<\/p>\n<p><strong><\/strong><\/p>\n<p>&nbsp;<\/p>\n<p>[\/et_pb_text][et_pb_video src=&#8221;https:\/\/youtu.be\/n-tpH_X-bYI&#8221; _builder_version=&#8221;4.27.4&#8243; _module_preset=&#8221;default&#8221; global_colors_info=&#8221;{}&#8221;][\/et_pb_video][\/et_pb_column][et_pb_column type=&#8221;1_3&#8243; _builder_version=&#8221;4.22.1&#8243; _module_preset=&#8221;default&#8221; global_colors_info=&#8221;{}&#8221;][\/et_pb_column][\/et_pb_row][\/et_pb_section]<\/p>\n","protected":false},"excerpt":{"rendered":"<p>JARDUNBIDE ONAK3. GJH. OSASUNA ETA ONGIZATEA HELMET HOUSE Pertsonak zaintzea komunitatea egitea ere bada.12. GJH. EKOIZPEN ETA KONTSUMO ARDURATSUAK LEIRE SANTILL\u00c1N Moda arimarekin egiten denean, jasangarritasuna ere bada.12. GJH. EKOIZPEN ETA KONTSUMO ARDURATSUAK LIOT HOME Kontsumitzeko beste modu bat: arduratsua, sortzailea eta memoriaduna.7. GJH. ENERGIA ESKURAGARRIA ETA EZ KUTSATZAILEA OTAR GOXO Planetarekiko konpromisoa egunerokotasunaren parte [&hellip;]<\/p>\n","protected":false},"author":2,"featured_media":0,"parent":0,"menu_order":0,"comment_status":"closed","ping_status":"closed","template":"","meta":{"_et_pb_use_builder":"on","_et_pb_old_content":"","_et_gb_content_width":"","footnotes":""},"class_list":["post-35352","page","type-page","status-publish","hentry"],"yoast_head":"<!-- This site is optimized with the Yoast SEO plugin v27.1.1 - https:\/\/yoast.com\/product\/yoast-seo-wordpress\/ -->\n<title>Buenas Pr\u00e1cticas - Gipuzkoa Merkatariak - Federaci\u00f3n Mercantil de Gipuzkoa<\/title>\n<meta name=\"description\" content=\"Federaci\u00f3n Mercantil de Comerciantes de Gipuzkoa con asociaciones sectoriales y de zonas | Gipuzkoa Merkatariak | 943 425 557 | 943 206 669\" \/>\n<meta name=\"robots\" content=\"index, follow, max-snippet:-1, max-image-preview:large, max-video-preview:-1\" \/>\n<link rel=\"canonical\" href=\"https:\/\/gipuzkoamerkatariak.com\/eu\/buenas-practicas\/\" \/>\n<meta property=\"og:locale\" content=\"eu_ES\" \/>\n<meta property=\"og:type\" content=\"article\" \/>\n<meta property=\"og:title\" content=\"Buenas Pr\u00e1cticas - Gipuzkoa Merkatariak - Federaci\u00f3n Mercantil de Gipuzkoa\" \/>\n<meta property=\"og:description\" content=\"Federaci\u00f3n Mercantil de Comerciantes de Gipuzkoa con asociaciones sectoriales y de zonas | Gipuzkoa Merkatariak | 943 425 557 | 943 206 669\" \/>\n<meta property=\"og:url\" content=\"https:\/\/gipuzkoamerkatariak.com\/eu\/buenas-practicas\/\" \/>\n<meta property=\"og:site_name\" content=\"Gipuzkoa Merkatariak - Federaci\u00f3n Mercantil de Gipuzkoa\" \/>\n<meta property=\"article:modified_time\" content=\"2025-11-19T15:46:24+00:00\" \/>\n<meta name=\"twitter:card\" content=\"summary_large_image\" \/>\n<meta name=\"twitter:label1\" content=\"Est. reading time\" \/>\n\t<meta name=\"twitter:data1\" content=\"5 minutes\" \/>\n<script type=\"application\/ld+json\" class=\"yoast-schema-graph\">{\"@context\":\"https:\/\/schema.org\",\"@graph\":[{\"@type\":\"WebPage\",\"@id\":\"https:\/\/gipuzkoamerkatariak.com\/eu\/buenas-practicas\/\",\"url\":\"https:\/\/gipuzkoamerkatariak.com\/eu\/buenas-practicas\/\",\"name\":\"Buenas Pr\u00e1cticas - Gipuzkoa Merkatariak - Federaci\u00f3n Mercantil de Gipuzkoa\",\"isPartOf\":{\"@id\":\"https:\/\/gipuzkoamerkatariak.com\/#website\"},\"datePublished\":\"2025-11-10T12:24:28+00:00\",\"dateModified\":\"2025-11-19T15:46:24+00:00\",\"description\":\"Federaci\u00f3n Mercantil de Comerciantes de Gipuzkoa con asociaciones sectoriales y de zonas | Gipuzkoa Merkatariak | 943 425 557 | 943 206 669\",\"breadcrumb\":{\"@id\":\"https:\/\/gipuzkoamerkatariak.com\/eu\/buenas-practicas\/#breadcrumb\"},\"inLanguage\":\"eu-ES\",\"potentialAction\":[{\"@type\":\"ReadAction\",\"target\":[\"https:\/\/gipuzkoamerkatariak.com\/eu\/buenas-practicas\/\"]}]},{\"@type\":\"BreadcrumbList\",\"@id\":\"https:\/\/gipuzkoamerkatariak.com\/eu\/buenas-practicas\/#breadcrumb\",\"itemListElement\":[{\"@type\":\"ListItem\",\"position\":1,\"name\":\"Hasiera\",\"item\":\"https:\/\/gipuzkoamerkatariak.com\/eu\/\"},{\"@type\":\"ListItem\",\"position\":2,\"name\":\"Buenas Pr\u00e1cticas\"}]},{\"@type\":\"WebSite\",\"@id\":\"https:\/\/gipuzkoamerkatariak.com\/#website\",\"url\":\"https:\/\/gipuzkoamerkatariak.com\/\",\"name\":\"Gipuzkoa Merkatariak - Federaci\u00f3n Mercantil de Gipuzkoa\",\"description\":\"Gipuzkoa Merkatariak - Federaci\u00f3n Mercantil de Gipuzkoa\",\"publisher\":{\"@id\":\"https:\/\/gipuzkoamerkatariak.com\/#organization\"},\"potentialAction\":[{\"@type\":\"SearchAction\",\"target\":{\"@type\":\"EntryPoint\",\"urlTemplate\":\"https:\/\/gipuzkoamerkatariak.com\/?s={search_term_string}\"},\"query-input\":{\"@type\":\"PropertyValueSpecification\",\"valueRequired\":true,\"valueName\":\"search_term_string\"}}],\"inLanguage\":\"eu-ES\"},{\"@type\":\"Organization\",\"@id\":\"https:\/\/gipuzkoamerkatariak.com\/#organization\",\"name\":\"Gipuzkoa Merkatariak\",\"url\":\"https:\/\/gipuzkoamerkatariak.com\/\",\"logo\":{\"@type\":\"ImageObject\",\"inLanguage\":\"eu-ES\",\"@id\":\"https:\/\/gipuzkoamerkatariak.com\/#\/schema\/logo\/image\/\",\"url\":\"https:\/\/gipuzkoamerkatariak.com\/wp-content\/uploads\/2021\/05\/Federacion-Mercantil-de-Gipuzkoa-Merkatariak-logo.png\",\"contentUrl\":\"https:\/\/gipuzkoamerkatariak.com\/wp-content\/uploads\/2021\/05\/Federacion-Mercantil-de-Gipuzkoa-Merkatariak-logo.png\",\"width\":249,\"height\":89,\"caption\":\"Gipuzkoa Merkatariak\"},\"image\":{\"@id\":\"https:\/\/gipuzkoamerkatariak.com\/#\/schema\/logo\/image\/\"}}]}<\/script>\n<!-- \/ Yoast SEO plugin. -->","yoast_head_json":{"title":"Buenas Pr\u00e1cticas - Gipuzkoa Merkatariak - Federaci\u00f3n Mercantil de Gipuzkoa","description":"Federaci\u00f3n Mercantil de Comerciantes de Gipuzkoa con asociaciones sectoriales y de zonas | Gipuzkoa Merkatariak | 943 425 557 | 943 206 669","robots":{"index":"index","follow":"follow","max-snippet":"max-snippet:-1","max-image-preview":"max-image-preview:large","max-video-preview":"max-video-preview:-1"},"canonical":"https:\/\/gipuzkoamerkatariak.com\/eu\/buenas-practicas\/","og_locale":"eu_ES","og_type":"article","og_title":"Buenas Pr\u00e1cticas - Gipuzkoa Merkatariak - Federaci\u00f3n Mercantil de Gipuzkoa","og_description":"Federaci\u00f3n Mercantil de Comerciantes de Gipuzkoa con asociaciones sectoriales y de zonas | Gipuzkoa Merkatariak | 943 425 557 | 943 206 669","og_url":"https:\/\/gipuzkoamerkatariak.com\/eu\/buenas-practicas\/","og_site_name":"Gipuzkoa Merkatariak - Federaci\u00f3n Mercantil de Gipuzkoa","article_modified_time":"2025-11-19T15:46:24+00:00","twitter_card":"summary_large_image","twitter_misc":{"Est. reading time":"5 minutes"},"schema":{"@context":"https:\/\/schema.org","@graph":[{"@type":"WebPage","@id":"https:\/\/gipuzkoamerkatariak.com\/eu\/buenas-practicas\/","url":"https:\/\/gipuzkoamerkatariak.com\/eu\/buenas-practicas\/","name":"Buenas Pr\u00e1cticas - Gipuzkoa Merkatariak - Federaci\u00f3n Mercantil de Gipuzkoa","isPartOf":{"@id":"https:\/\/gipuzkoamerkatariak.com\/#website"},"datePublished":"2025-11-10T12:24:28+00:00","dateModified":"2025-11-19T15:46:24+00:00","description":"Federaci\u00f3n Mercantil de Comerciantes de Gipuzkoa con asociaciones sectoriales y de zonas | Gipuzkoa Merkatariak | 943 425 557 | 943 206 669","breadcrumb":{"@id":"https:\/\/gipuzkoamerkatariak.com\/eu\/buenas-practicas\/#breadcrumb"},"inLanguage":"eu-ES","potentialAction":[{"@type":"ReadAction","target":["https:\/\/gipuzkoamerkatariak.com\/eu\/buenas-practicas\/"]}]},{"@type":"BreadcrumbList","@id":"https:\/\/gipuzkoamerkatariak.com\/eu\/buenas-practicas\/#breadcrumb","itemListElement":[{"@type":"ListItem","position":1,"name":"Hasiera","item":"https:\/\/gipuzkoamerkatariak.com\/eu\/"},{"@type":"ListItem","position":2,"name":"Buenas Pr\u00e1cticas"}]},{"@type":"WebSite","@id":"https:\/\/gipuzkoamerkatariak.com\/#website","url":"https:\/\/gipuzkoamerkatariak.com\/","name":"Gipuzkoa Merkatariak - Federaci\u00f3n Mercantil de Gipuzkoa","description":"Gipuzkoa Merkatariak - Federaci\u00f3n Mercantil de Gipuzkoa","publisher":{"@id":"https:\/\/gipuzkoamerkatariak.com\/#organization"},"potentialAction":[{"@type":"SearchAction","target":{"@type":"EntryPoint","urlTemplate":"https:\/\/gipuzkoamerkatariak.com\/?s={search_term_string}"},"query-input":{"@type":"PropertyValueSpecification","valueRequired":true,"valueName":"search_term_string"}}],"inLanguage":"eu-ES"},{"@type":"Organization","@id":"https:\/\/gipuzkoamerkatariak.com\/#organization","name":"Gipuzkoa Merkatariak","url":"https:\/\/gipuzkoamerkatariak.com\/","logo":{"@type":"ImageObject","inLanguage":"eu-ES","@id":"https:\/\/gipuzkoamerkatariak.com\/#\/schema\/logo\/image\/","url":"https:\/\/gipuzkoamerkatariak.com\/wp-content\/uploads\/2021\/05\/Federacion-Mercantil-de-Gipuzkoa-Merkatariak-logo.png","contentUrl":"https:\/\/gipuzkoamerkatariak.com\/wp-content\/uploads\/2021\/05\/Federacion-Mercantil-de-Gipuzkoa-Merkatariak-logo.png","width":249,"height":89,"caption":"Gipuzkoa Merkatariak"},"image":{"@id":"https:\/\/gipuzkoamerkatariak.com\/#\/schema\/logo\/image\/"}}]}},"_links":{"self":[{"href":"https:\/\/gipuzkoamerkatariak.com\/eu\/wp-json\/wp\/v2\/pages\/35352","targetHints":{"allow":["GET"]}}],"collection":[{"href":"https:\/\/gipuzkoamerkatariak.com\/eu\/wp-json\/wp\/v2\/pages"}],"about":[{"href":"https:\/\/gipuzkoamerkatariak.com\/eu\/wp-json\/wp\/v2\/types\/page"}],"author":[{"embeddable":true,"href":"https:\/\/gipuzkoamerkatariak.com\/eu\/wp-json\/wp\/v2\/users\/2"}],"replies":[{"embeddable":true,"href":"https:\/\/gipuzkoamerkatariak.com\/eu\/wp-json\/wp\/v2\/comments?post=35352"}],"version-history":[{"count":4,"href":"https:\/\/gipuzkoamerkatariak.com\/eu\/wp-json\/wp\/v2\/pages\/35352\/revisions"}],"predecessor-version":[{"id":35401,"href":"https:\/\/gipuzkoamerkatariak.com\/eu\/wp-json\/wp\/v2\/pages\/35352\/revisions\/35401"}],"wp:attachment":[{"href":"https:\/\/gipuzkoamerkatariak.com\/eu\/wp-json\/wp\/v2\/media?parent=35352"}],"curies":[{"name":"wp","href":"https:\/\/api.w.org\/{rel}","templated":true}]}}