{"id":35359,"date":"2025-11-10T13:24:40","date_gmt":"2025-11-10T12:24:40","guid":{"rendered":"https:\/\/gipuzkoamerkatariak.com\/normativa\/"},"modified":"2025-11-20T14:15:09","modified_gmt":"2025-11-20T13:15:09","slug":"normativa","status":"publish","type":"page","link":"https:\/\/gipuzkoamerkatariak.com\/eu\/normativa\/","title":{"rendered":"Normativa"},"content":{"rendered":"<p>[et_pb_section fb_built=&#8221;1&#8243; _builder_version=&#8221;4.16&#8243; _module_preset=&#8221;default&#8221; background_enable_color=&#8221;off&#8221; custom_padding=&#8221;6px|||||&#8221; global_colors_info=&#8221;{}&#8221;][et_pb_row _builder_version=&#8221;4.16&#8243; _module_preset=&#8221;default&#8221; background_color=&#8221;RGBA(0,0,0,0)&#8221; custom_padding=&#8221;50px|||||&#8221; global_colors_info=&#8221;{}&#8221;][et_pb_column type=&#8221;4_4&#8243; _builder_version=&#8221;4.16&#8243; _module_preset=&#8221;default&#8221; global_colors_info=&#8221;{}&#8221;][et_pb_divider color=&#8221;#000000&#8243; _builder_version=&#8221;4.16&#8243; _module_preset=&#8221;default&#8221; custom_margin=&#8221;||0px||false|false&#8221; custom_margin_tablet=&#8221;|20px|0px|20px|false|false&#8221; custom_margin_phone=&#8221;&#8221; custom_margin_last_edited=&#8221;on|tablet&#8221; global_colors_info=&#8221;{}&#8221;][\/et_pb_divider][et_pb_text _builder_version=&#8221;4.27.4&#8243; _module_preset=&#8221;default&#8221; text_font=&#8221;|700|||||||&#8221; custom_margin=&#8221;||||false|false&#8221; custom_margin_tablet=&#8221;|||20px|false|false&#8221; custom_margin_phone=&#8221;&#8221; custom_margin_last_edited=&#8221;on|tablet&#8221; global_colors_info=&#8221;{}&#8221;]<\/p>\n<h2><strong>NORMATIVA<\/strong>\u00a0<\/h2>\n<p>[\/et_pb_text][\/et_pb_column][\/et_pb_row][et_pb_row column_structure=&#8221;1_3,1_3,1_3&#8243; _builder_version=&#8221;4.22.1&#8243; _module_preset=&#8221;default&#8221; global_colors_info=&#8221;{}&#8221;][et_pb_column type=&#8221;1_3&#8243; _builder_version=&#8221;4.22.1&#8243; _module_preset=&#8221;default&#8221; global_colors_info=&#8221;{}&#8221;][et_pb_text _builder_version=&#8221;4.27.4&#8243; _module_preset=&#8221;default&#8221; global_colors_info=&#8221;{}&#8221;]<\/p>\n<h1><strong>Normativa y Ayudas<\/strong><\/h1>\n<p><strong><\/strong><\/p>\n<ul>\n<li style=\"list-style-type: none;\">\n<ul>\n<li style=\"list-style-type: none;\">\n<ul>\n<li><strong>Contexto normativo actualizado<\/strong> (Uni\u00f3n Europea, Espa\u00f1a, Comunidad Aut\u00f3noma del Pa\u00eds Vasco y municipal).<\/li>\n<li><strong>Obligaciones por subsectores<\/strong>: alimentaci\u00f3n, equipamiento hogar, equipamiento persona y ocio\/turismo.<\/li>\n<li><strong>L\u00edneas de subvenci\u00f3n vigentes<\/strong> en 2025 a nivel local, auton\u00f3mico y estatal.<\/li>\n<\/ul>\n<\/li>\n<\/ul>\n<\/li>\n<\/ul>\n<p>\u00daltima actualizaci\u00f3n: agosto 2025<\/p>\n<p><a href=\"https:\/\/gipuzkoamerkatariak.com\/wp-content\/uploads\/2025\/11\/GIP.-MERKATARIAK_REPOSITORIO-NORMATIVA-Y-AYUDAS_v2.pdf\">ACCESO A DOCUMENTACI\u00d3N<\/a><\/p>\n<p>[\/et_pb_text][\/et_pb_column][et_pb_column type=&#8221;1_3&#8243; _builder_version=&#8221;4.16&#8243; _module_preset=&#8221;default&#8221; global_colors_info=&#8221;{}&#8221;][et_pb_text _builder_version=&#8221;4.27.4&#8243; _module_preset=&#8221;default&#8221; global_colors_info=&#8221;{}&#8221;]<\/p>\n<h1><strong>Infograf\u00edas sobre Normativa<\/strong><\/h1>\n<p>Resumen visual de las principales obligaciones legales para el comercio local, estructurado en \u00e1reas:<\/p>\n<ul>\n<li><strong>Residuos:<\/strong> separaci\u00f3n, prohibici\u00f3n de pl\u00e1sticos de un solo uso, registro de productores, planes de prevenci\u00f3n&#8230;<\/li>\n<li><strong>Energ\u00eda<\/strong>: eficiencia energ\u00e9tica, uso de renovables, mantenimiento de equipos t\u00e9rmicos, huella de carbono&#8230;<\/li>\n<li><strong>Requisitos espec\u00edficos por subsectores<\/strong>: alimentaci\u00f3n, equipamiento hogar, equipamiento de la persona, ocio y turismo.<\/li>\n<\/ul>\n<p>&nbsp;<\/p>\n<p><a href=\"https:\/\/gipuzkoamerkatariak.com\/wp-content\/uploads\/2025\/11\/Infografia-NORMATIVA_ES.pdf\">ACCESO A DOCUMENTACI\u00d3N<\/a><\/p>\n<p>[\/et_pb_text][\/et_pb_column][et_pb_column type=&#8221;1_3&#8243; _builder_version=&#8221;4.22.1&#8243; _module_preset=&#8221;default&#8221; global_colors_info=&#8221;{}&#8221;][et_pb_text _builder_version=&#8221;4.27.4&#8243; _module_preset=&#8221;default&#8221; global_colors_info=&#8221;{}&#8221;]<\/p>\n<h1><strong>Infograf\u00edas sobre Subvenciones<\/strong><\/h1>\n<p>Resumen de las principales ayudas 2025:<\/p>\n<ul>\n<li><strong>Diputaci\u00f3n Foral de Gipuzkoa<\/strong> (transici\u00f3n ecol\u00f3gica, econom\u00eda circular, comunidades energ\u00e9ticas).<\/li>\n<li><strong>Gobierno Vasco<\/strong> (EVE, Ihobe, SPRI).<\/li>\n<\/ul>\n<p>Incluyen importes m\u00e1ximos por tipo de actuaci\u00f3n (auditor\u00edas, renovables, descarbonizaci\u00f3n, etc.) y enlaces directos a los tr\u00e1mites.<\/p>\n<p><a href=\"https:\/\/gipuzkoamerkatariak.com\/wp-content\/uploads\/2025\/11\/Infografia-SUBVENCIONES_ES.pdf\">ACCESO A DOCUMENTACI\u00d3N<\/a><\/p>\n<p>[\/et_pb_text][\/et_pb_column][\/et_pb_row][et_pb_row column_structure=&#8221;1_3,1_3,1_3&#8243; _builder_version=&#8221;4.27.4&#8243; _module_preset=&#8221;default&#8221; global_colors_info=&#8221;{}&#8221;][et_pb_column type=&#8221;1_3&#8243; _builder_version=&#8221;4.22.1&#8243; _module_preset=&#8221;default&#8221; global_colors_info=&#8221;{}&#8221;][et_pb_text _builder_version=&#8221;4.27.4&#8243; _module_preset=&#8221;default&#8221; hover_enabled=&#8221;0&#8243; global_colors_info=&#8221;{}&#8221; sticky_enabled=&#8221;0&#8243;]<\/p>\n<h1><strong>Gu\u00eda para la incorporaci\u00f3n de la sostenibilidad en el sector comercial<\/strong><\/h1>\n<p><strong><\/strong><\/p>\n<p><a href=\"https:\/\/gipuzkoamerkatariak.com\/wp-content\/uploads\/2025\/11\/Guia-Sostenibilidad-comercio.pdf\">ACCESO A DOCUMENTACI\u00d3N<\/a><\/p>\n<p>[\/et_pb_text][\/et_pb_column][et_pb_column type=&#8221;1_3&#8243; _builder_version=&#8221;4.16&#8243; _module_preset=&#8221;default&#8221; global_colors_info=&#8221;{}&#8221;][\/et_pb_column][et_pb_column type=&#8221;1_3&#8243; _builder_version=&#8221;4.22.1&#8243; _module_preset=&#8221;default&#8221; global_colors_info=&#8221;{}&#8221;][\/et_pb_column][\/et_pb_row][\/et_pb_section]<\/p>\n","protected":false},"excerpt":{"rendered":"<p>NORMATIVA\u00a0Normativa y Ayudas Contexto normativo actualizado (Uni\u00f3n Europea, Espa\u00f1a, Comunidad Aut\u00f3noma del Pa\u00eds Vasco y municipal). Obligaciones por subsectores: alimentaci\u00f3n, equipamiento hogar, equipamiento persona y ocio\/turismo. L\u00edneas de subvenci\u00f3n vigentes en 2025 a nivel local, auton\u00f3mico y estatal. \u00daltima actualizaci\u00f3n: agosto 2025 ACCESO A DOCUMENTACI\u00d3NInfograf\u00edas sobre Normativa Resumen visual de las principales obligaciones legales para [&hellip;]<\/p>\n","protected":false},"author":2,"featured_media":0,"parent":0,"menu_order":0,"comment_status":"closed","ping_status":"closed","template":"","meta":{"_et_pb_use_builder":"on","_et_pb_old_content":"","_et_gb_content_width":"","footnotes":""},"class_list":["post-35359","page","type-page","status-publish","hentry"],"yoast_head":"<!-- This site is optimized with the Yoast SEO plugin v27.1.1 - https:\/\/yoast.com\/product\/yoast-seo-wordpress\/ -->\n<title>Normativa - Gipuzkoa Merkatariak - Federaci\u00f3n Mercantil de Gipuzkoa<\/title>\n<meta name=\"description\" content=\"Federaci\u00f3n Mercantil de Comerciantes de Gipuzkoa con asociaciones sectoriales y de zonas | Gipuzkoa Merkatariak | 943 425 557 | 943 206 669\" \/>\n<meta name=\"robots\" content=\"index, follow, max-snippet:-1, max-image-preview:large, max-video-preview:-1\" \/>\n<link rel=\"canonical\" href=\"https:\/\/gipuzkoamerkatariak.com\/eu\/normativa\/\" \/>\n<meta property=\"og:locale\" content=\"eu_ES\" \/>\n<meta property=\"og:type\" content=\"article\" \/>\n<meta property=\"og:title\" content=\"Normativa - Gipuzkoa Merkatariak - Federaci\u00f3n Mercantil de Gipuzkoa\" \/>\n<meta property=\"og:description\" content=\"Federaci\u00f3n Mercantil de Comerciantes de Gipuzkoa con asociaciones sectoriales y de zonas | Gipuzkoa Merkatariak | 943 425 557 | 943 206 669\" \/>\n<meta property=\"og:url\" content=\"https:\/\/gipuzkoamerkatariak.com\/eu\/normativa\/\" \/>\n<meta property=\"og:site_name\" content=\"Gipuzkoa Merkatariak - Federaci\u00f3n Mercantil de Gipuzkoa\" \/>\n<meta property=\"article:modified_time\" content=\"2025-11-20T13:15:09+00:00\" \/>\n<meta name=\"twitter:card\" content=\"summary_large_image\" \/>\n<meta name=\"twitter:label1\" content=\"Est. reading time\" \/>\n\t<meta name=\"twitter:data1\" content=\"3 minutes\" \/>\n<script type=\"application\/ld+json\" class=\"yoast-schema-graph\">{\"@context\":\"https:\/\/schema.org\",\"@graph\":[{\"@type\":\"WebPage\",\"@id\":\"https:\/\/gipuzkoamerkatariak.com\/eu\/normativa\/\",\"url\":\"https:\/\/gipuzkoamerkatariak.com\/eu\/normativa\/\",\"name\":\"Normativa - Gipuzkoa Merkatariak - Federaci\u00f3n Mercantil de Gipuzkoa\",\"isPartOf\":{\"@id\":\"https:\/\/gipuzkoamerkatariak.com\/#website\"},\"datePublished\":\"2025-11-10T12:24:40+00:00\",\"dateModified\":\"2025-11-20T13:15:09+00:00\",\"description\":\"Federaci\u00f3n Mercantil de Comerciantes de Gipuzkoa con asociaciones sectoriales y de zonas | Gipuzkoa Merkatariak | 943 425 557 | 943 206 669\",\"breadcrumb\":{\"@id\":\"https:\/\/gipuzkoamerkatariak.com\/eu\/normativa\/#breadcrumb\"},\"inLanguage\":\"eu-ES\",\"potentialAction\":[{\"@type\":\"ReadAction\",\"target\":[\"https:\/\/gipuzkoamerkatariak.com\/eu\/normativa\/\"]}]},{\"@type\":\"BreadcrumbList\",\"@id\":\"https:\/\/gipuzkoamerkatariak.com\/eu\/normativa\/#breadcrumb\",\"itemListElement\":[{\"@type\":\"ListItem\",\"position\":1,\"name\":\"Hasiera\",\"item\":\"https:\/\/gipuzkoamerkatariak.com\/eu\/\"},{\"@type\":\"ListItem\",\"position\":2,\"name\":\"Normativa\"}]},{\"@type\":\"WebSite\",\"@id\":\"https:\/\/gipuzkoamerkatariak.com\/#website\",\"url\":\"https:\/\/gipuzkoamerkatariak.com\/\",\"name\":\"Gipuzkoa Merkatariak - Federaci\u00f3n Mercantil de Gipuzkoa\",\"description\":\"Gipuzkoa Merkatariak - Federaci\u00f3n Mercantil de Gipuzkoa\",\"publisher\":{\"@id\":\"https:\/\/gipuzkoamerkatariak.com\/#organization\"},\"potentialAction\":[{\"@type\":\"SearchAction\",\"target\":{\"@type\":\"EntryPoint\",\"urlTemplate\":\"https:\/\/gipuzkoamerkatariak.com\/?s={search_term_string}\"},\"query-input\":{\"@type\":\"PropertyValueSpecification\",\"valueRequired\":true,\"valueName\":\"search_term_string\"}}],\"inLanguage\":\"eu-ES\"},{\"@type\":\"Organization\",\"@id\":\"https:\/\/gipuzkoamerkatariak.com\/#organization\",\"name\":\"Gipuzkoa Merkatariak\",\"url\":\"https:\/\/gipuzkoamerkatariak.com\/\",\"logo\":{\"@type\":\"ImageObject\",\"inLanguage\":\"eu-ES\",\"@id\":\"https:\/\/gipuzkoamerkatariak.com\/#\/schema\/logo\/image\/\",\"url\":\"https:\/\/gipuzkoamerkatariak.com\/wp-content\/uploads\/2021\/05\/Federacion-Mercantil-de-Gipuzkoa-Merkatariak-logo.png\",\"contentUrl\":\"https:\/\/gipuzkoamerkatariak.com\/wp-content\/uploads\/2021\/05\/Federacion-Mercantil-de-Gipuzkoa-Merkatariak-logo.png\",\"width\":249,\"height\":89,\"caption\":\"Gipuzkoa Merkatariak\"},\"image\":{\"@id\":\"https:\/\/gipuzkoamerkatariak.com\/#\/schema\/logo\/image\/\"}}]}<\/script>\n<!-- \/ Yoast SEO plugin. -->","yoast_head_json":{"title":"Normativa - Gipuzkoa Merkatariak - Federaci\u00f3n Mercantil de Gipuzkoa","description":"Federaci\u00f3n Mercantil de Comerciantes de Gipuzkoa con asociaciones sectoriales y de zonas | Gipuzkoa Merkatariak | 943 425 557 | 943 206 669","robots":{"index":"index","follow":"follow","max-snippet":"max-snippet:-1","max-image-preview":"max-image-preview:large","max-video-preview":"max-video-preview:-1"},"canonical":"https:\/\/gipuzkoamerkatariak.com\/eu\/normativa\/","og_locale":"eu_ES","og_type":"article","og_title":"Normativa - Gipuzkoa Merkatariak - Federaci\u00f3n Mercantil de Gipuzkoa","og_description":"Federaci\u00f3n Mercantil de Comerciantes de Gipuzkoa con asociaciones sectoriales y de zonas | Gipuzkoa Merkatariak | 943 425 557 | 943 206 669","og_url":"https:\/\/gipuzkoamerkatariak.com\/eu\/normativa\/","og_site_name":"Gipuzkoa Merkatariak - Federaci\u00f3n Mercantil de Gipuzkoa","article_modified_time":"2025-11-20T13:15:09+00:00","twitter_card":"summary_large_image","twitter_misc":{"Est. reading time":"3 minutes"},"schema":{"@context":"https:\/\/schema.org","@graph":[{"@type":"WebPage","@id":"https:\/\/gipuzkoamerkatariak.com\/eu\/normativa\/","url":"https:\/\/gipuzkoamerkatariak.com\/eu\/normativa\/","name":"Normativa - Gipuzkoa Merkatariak - Federaci\u00f3n Mercantil de Gipuzkoa","isPartOf":{"@id":"https:\/\/gipuzkoamerkatariak.com\/#website"},"datePublished":"2025-11-10T12:24:40+00:00","dateModified":"2025-11-20T13:15:09+00:00","description":"Federaci\u00f3n Mercantil de Comerciantes de Gipuzkoa con asociaciones sectoriales y de zonas | Gipuzkoa Merkatariak | 943 425 557 | 943 206 669","breadcrumb":{"@id":"https:\/\/gipuzkoamerkatariak.com\/eu\/normativa\/#breadcrumb"},"inLanguage":"eu-ES","potentialAction":[{"@type":"ReadAction","target":["https:\/\/gipuzkoamerkatariak.com\/eu\/normativa\/"]}]},{"@type":"BreadcrumbList","@id":"https:\/\/gipuzkoamerkatariak.com\/eu\/normativa\/#breadcrumb","itemListElement":[{"@type":"ListItem","position":1,"name":"Hasiera","item":"https:\/\/gipuzkoamerkatariak.com\/eu\/"},{"@type":"ListItem","position":2,"name":"Normativa"}]},{"@type":"WebSite","@id":"https:\/\/gipuzkoamerkatariak.com\/#website","url":"https:\/\/gipuzkoamerkatariak.com\/","name":"Gipuzkoa Merkatariak - Federaci\u00f3n Mercantil de Gipuzkoa","description":"Gipuzkoa Merkatariak - Federaci\u00f3n Mercantil de Gipuzkoa","publisher":{"@id":"https:\/\/gipuzkoamerkatariak.com\/#organization"},"potentialAction":[{"@type":"SearchAction","target":{"@type":"EntryPoint","urlTemplate":"https:\/\/gipuzkoamerkatariak.com\/?s={search_term_string}"},"query-input":{"@type":"PropertyValueSpecification","valueRequired":true,"valueName":"search_term_string"}}],"inLanguage":"eu-ES"},{"@type":"Organization","@id":"https:\/\/gipuzkoamerkatariak.com\/#organization","name":"Gipuzkoa Merkatariak","url":"https:\/\/gipuzkoamerkatariak.com\/","logo":{"@type":"ImageObject","inLanguage":"eu-ES","@id":"https:\/\/gipuzkoamerkatariak.com\/#\/schema\/logo\/image\/","url":"https:\/\/gipuzkoamerkatariak.com\/wp-content\/uploads\/2021\/05\/Federacion-Mercantil-de-Gipuzkoa-Merkatariak-logo.png","contentUrl":"https:\/\/gipuzkoamerkatariak.com\/wp-content\/uploads\/2021\/05\/Federacion-Mercantil-de-Gipuzkoa-Merkatariak-logo.png","width":249,"height":89,"caption":"Gipuzkoa Merkatariak"},"image":{"@id":"https:\/\/gipuzkoamerkatariak.com\/#\/schema\/logo\/image\/"}}]}},"_links":{"self":[{"href":"https:\/\/gipuzkoamerkatariak.com\/eu\/wp-json\/wp\/v2\/pages\/35359","targetHints":{"allow":["GET"]}}],"collection":[{"href":"https:\/\/gipuzkoamerkatariak.com\/eu\/wp-json\/wp\/v2\/pages"}],"about":[{"href":"https:\/\/gipuzkoamerkatariak.com\/eu\/wp-json\/wp\/v2\/types\/page"}],"author":[{"embeddable":true,"href":"https:\/\/gipuzkoamerkatariak.com\/eu\/wp-json\/wp\/v2\/users\/2"}],"replies":[{"embeddable":true,"href":"https:\/\/gipuzkoamerkatariak.com\/eu\/wp-json\/wp\/v2\/comments?post=35359"}],"version-history":[{"count":6,"href":"https:\/\/gipuzkoamerkatariak.com\/eu\/wp-json\/wp\/v2\/pages\/35359\/revisions"}],"predecessor-version":[{"id":35404,"href":"https:\/\/gipuzkoamerkatariak.com\/eu\/wp-json\/wp\/v2\/pages\/35359\/revisions\/35404"}],"wp:attachment":[{"href":"https:\/\/gipuzkoamerkatariak.com\/eu\/wp-json\/wp\/v2\/media?parent=35359"}],"curies":[{"name":"wp","href":"https:\/\/api.w.org\/{rel}","templated":true}]}}