{"id":4837,"date":"2021-05-20T17:50:48","date_gmt":"2021-05-20T15:50:48","guid":{"rendered":"https:\/\/gipuzkoamerkatariak.com\/contacto\/"},"modified":"2026-04-28T11:49:22","modified_gmt":"2026-04-28T09:49:22","slug":"harremanetarako","status":"publish","type":"page","link":"https:\/\/gipuzkoamerkatariak.com\/eu\/harremanetarako\/","title":{"rendered":"Kontaktua"},"content":{"rendered":"<p>[et_pb_section fb_built=&#8221;1&#8243; _builder_version=&#8221;4.16&#8243; _module_preset=&#8221;default&#8221; background_color=&#8221;#31B088&#8243; custom_padding=&#8221;||4px|||&#8221; global_colors_info=&#8221;{}&#8221;][et_pb_row column_structure=&#8221;1_2,1_2&#8243; make_equal=&#8221;on&#8221; _builder_version=&#8221;4.16&#8243; _module_preset=&#8221;default&#8221; custom_padding=&#8221;||0px|||&#8221; global_colors_info=&#8221;{}&#8221;][et_pb_column type=&#8221;1_2&#8243; _builder_version=&#8221;4.16&#8243; _module_preset=&#8221;default&#8221; global_colors_info=&#8221;{}&#8221;][et_pb_text _builder_version=&#8221;4.16&#8243; _module_preset=&#8221;default&#8221; text_font=&#8221;|700|||||||&#8221; text_font_size=&#8221;50px&#8221; text_line_height=&#8221;1em&#8221; custom_margin=&#8221;||5px|||&#8221; global_colors_info=&#8221;{}&#8221;]Harremanetarako[\/et_pb_text][\/et_pb_column][et_pb_column type=&#8221;1_2&#8243; _builder_version=&#8221;4.16&#8243; _module_preset=&#8221;default&#8221; custom_css_main_element=&#8221;margin: auto auto 0;&#8221; global_colors_info=&#8221;{}&#8221;][et_pb_text _builder_version=&#8221;4.16&#8243; _module_preset=&#8221;default&#8221; text_text_color=&#8221;#FFFFFF&#8221; text_font_size=&#8221;13px&#8221; text_letter_spacing=&#8221;4px&#8221; text_orientation=&#8221;right&#8221; text_orientation_tablet=&#8221;&#8221; text_orientation_phone=&#8221;left&#8221; text_orientation_last_edited=&#8221;on|phone&#8221; global_colors_info=&#8221;{}&#8221;]<span style=\"color: #ffffff;\"><a href=\"https:\/\/gipuzkoamerkatariak.com\/eu\/harremanetarako\/egoitzak\" style=\"color: #ffffff;\">EGOITZAK IKUSI<\/a><\/span>[\/et_pb_text][\/et_pb_column][\/et_pb_row][et_pb_row _builder_version=&#8221;4.16&#8243; _module_preset=&#8221;default&#8221; custom_padding=&#8221;1px|||||&#8221; global_colors_info=&#8221;{}&#8221;][et_pb_column type=&#8221;4_4&#8243; _builder_version=&#8221;4.16&#8243; _module_preset=&#8221;default&#8221; global_colors_info=&#8221;{}&#8221;][et_pb_divider color=&#8221;#000000&#8243; _builder_version=&#8221;4.16&#8243; _module_preset=&#8221;default&#8221; custom_margin=&#8221;20px||||false|false&#8221; global_colors_info=&#8221;{}&#8221;][\/et_pb_divider][\/et_pb_column][\/et_pb_row][et_pb_row column_structure=&#8221;3_4,1_4&#8243; _builder_version=&#8221;4.16&#8243; _module_preset=&#8221;default&#8221; custom_padding=&#8221;14px|||||&#8221; global_colors_info=&#8221;{}&#8221;][et_pb_column type=&#8221;3_4&#8243; _builder_version=&#8221;4.16&#8243; _module_preset=&#8221;default&#8221; global_colors_info=&#8221;{}&#8221;][et_pb_text _builder_version=&#8221;4.16&#8243; _module_preset=&#8221;default&#8221; text_font=&#8221;Noto Serif SC|700|||||||&#8221; text_font_size=&#8221;29px&#8221; text_line_height=&#8221;1.3em&#8221; text_font_size_tablet=&#8221;&#8221; text_font_size_phone=&#8221;18px&#8221; text_font_size_last_edited=&#8221;on|phone&#8221; global_colors_info=&#8221;{}&#8221;]<\/p>\n<p>Informazio gehiago nahi baduzu bete jarraian duzun formularioa eta zurekin jarriko gara harremanetan ahalik eta arinen.<\/p>\n<p>[\/et_pb_text][et_pb_image src=&#8221;https:\/\/gipuzkoamerkatariak.com\/wp-content\/uploads\/2021\/06\/Federacion-Mercantil-Gipuzkoa-Flecha.png&#8221; alt=&#8221;Federaci\u00f3n Mercantil Gipuzkoa Flecha&#8221; title_text=&#8221;Federaci\u00f3n Mercantil Gipuzkoa Flecha&#8221; url=&#8221;https:\/\/gipuzkoamerkatariak.com\/contacto\/#formulario&#8221; _builder_version=&#8221;4.16&#8243; _module_preset=&#8221;default&#8221; global_colors_info=&#8221;{}&#8221;][\/et_pb_image][\/et_pb_column][et_pb_column type=&#8221;1_4&#8243; _builder_version=&#8221;4.16&#8243; _module_preset=&#8221;default&#8221; global_colors_info=&#8221;{}&#8221;][\/et_pb_column][\/et_pb_row][\/et_pb_section][et_pb_section fb_built=&#8221;1&#8243; module_id=&#8221;egoitzak&#8221; _builder_version=&#8221;4.16&#8243; _module_preset=&#8221;default&#8221; custom_padding=&#8221;75px||75px|||&#8221; global_colors_info=&#8221;{}&#8221;][et_pb_row _builder_version=&#8221;4.16&#8243; _module_preset=&#8221;default&#8221; global_colors_info=&#8221;{}&#8221;][et_pb_column type=&#8221;4_4&#8243; _builder_version=&#8221;4.16&#8243; _module_preset=&#8221;default&#8221; global_colors_info=&#8221;{}&#8221;][et_pb_text _builder_version=&#8221;4.16&#8243; _module_preset=&#8221;default&#8221; text_font=&#8221;Noto Serif SC|600|||||||&#8221; text_font_size=&#8221;50px&#8221; global_colors_info=&#8221;{}&#8221;]<\/p>\n<p>Egoitzak<\/p>\n<p>[\/et_pb_text][\/et_pb_column][\/et_pb_row][et_pb_row column_structure=&#8221;1_3,1_3,1_3&#8243; _builder_version=&#8221;4.27.6&#8243; _module_preset=&#8221;default&#8221; hover_enabled=&#8221;0&#8243; global_colors_info=&#8221;{}&#8221; sticky_enabled=&#8221;0&#8243;][et_pb_column type=&#8221;1_3&#8243; _builder_version=&#8221;4.16&#8243; _module_preset=&#8221;default&#8221; global_colors_info=&#8221;{}&#8221;][et_pb_divider color=&#8221;#000000&#8243; divider_weight=&#8221;15px&#8221; _builder_version=&#8221;4.16&#8243; _module_preset=&#8221;default&#8221; custom_margin=&#8221;||12px|||&#8221; global_colors_info=&#8221;{}&#8221;][\/et_pb_divider][et_pb_text _builder_version=&#8221;4.16&#8243; _module_preset=&#8221;default&#8221; text_font=&#8221;|700|||||||&#8221; text_letter_spacing=&#8221;3px&#8221; global_colors_info=&#8221;{}&#8221;]DONOSTIA &#8211; SAN SEBASTI\u00c1N[\/et_pb_text][et_pb_text _builder_version=&#8221;4.16&#8243; _module_preset=&#8221;default&#8221; global_colors_info=&#8221;{}&#8221;]<\/p>\n<p>Garibai Kalea 36 (20.004) Donostia\u00a0 GIPUZKOA<\/p>\n<p>T. 943 42 55 57 | F. 943 42 07 79<\/p>\n<p>[\/et_pb_text][et_pb_text _builder_version=&#8221;4.16&#8243; _module_preset=&#8221;default&#8221; text_font=&#8221;||||on||||&#8221; text_text_color=&#8221;#31B088&#8243; text_letter_spacing=&#8221;2px&#8221; global_colors_info=&#8221;{}&#8221;]<span style=\"color: #31b088;\"><a href=\"https:\/\/goo.gl\/maps\/Z6rWJKSKRs7YY9Dd9\" target=\"_blank\" rel=\"noopener\" style=\"color: #31b088;\">EGOITZA MAPAN IKUSI<\/a><\/span>[\/et_pb_text][\/et_pb_column][et_pb_column type=&#8221;1_3&#8243; _builder_version=&#8221;4.16&#8243; _module_preset=&#8221;default&#8221; global_colors_info=&#8221;{}&#8221;][et_pb_divider color=&#8221;#000000&#8243; divider_weight=&#8221;15px&#8221; _builder_version=&#8221;4.16&#8243; _module_preset=&#8221;default&#8221; custom_margin=&#8221;||12px|||&#8221; global_colors_info=&#8221;{}&#8221;][\/et_pb_divider][et_pb_text _builder_version=&#8221;4.16&#8243; _module_preset=&#8221;default&#8221; text_font=&#8221;|700|||||||&#8221; text_letter_spacing=&#8221;3px&#8221; global_colors_info=&#8221;{}&#8221;]EIBAR[\/et_pb_text][et_pb_text _builder_version=&#8221;4.16&#8243; _module_preset=&#8221;default&#8221; global_colors_info=&#8221;{}&#8221;]<\/p>\n<p>Unzaga Plaza, 7, behea 3 (20.600) Eibar<br \/>GIPUZKOA<\/p>\n<p>T. 943 20 66 69 | F. 943 20 66 23<\/p>\n<p>[\/et_pb_text][et_pb_text _builder_version=&#8221;4.16&#8243; _module_preset=&#8221;default&#8221; text_font=&#8221;||||on||||&#8221; text_text_color=&#8221;#31B088&#8243; text_letter_spacing=&#8221;2px&#8221; global_colors_info=&#8221;{}&#8221;]<span style=\"color: #31b088;\"><a href=\"https:\/\/g.page\/asociacioncomercianteseibar?share\" target=\"_blank\" rel=\"noopener\" style=\"color: #31b088;\">EGOITZA MAPAN IKUSI<\/a><\/span>[\/et_pb_text][\/et_pb_column][et_pb_column type=&#8221;1_3&#8243; _builder_version=&#8221;4.27.6&#8243; _module_preset=&#8221;default&#8221; hover_enabled=&#8221;0&#8243; global_colors_info=&#8221;{}&#8221; disabled_on=&#8221;on|on|on&#8221; disabled=&#8221;on&#8221; sticky_enabled=&#8221;0&#8243;][et_pb_divider color=&#8221;#000000&#8243; divider_weight=&#8221;15px&#8221; _builder_version=&#8221;4.16&#8243; _module_preset=&#8221;default&#8221; custom_margin=&#8221;||12px|||&#8221; global_colors_info=&#8221;{}&#8221;][\/et_pb_divider][et_pb_text _builder_version=&#8221;4.16&#8243; _module_preset=&#8221;default&#8221; text_font=&#8221;|700|||||||&#8221; text_letter_spacing=&#8221;3px&#8221; global_colors_info=&#8221;{}&#8221;]IR\u00daN (Zerga zerbitzua asteazken arratsaldetan)[\/et_pb_text][et_pb_text _builder_version=&#8221;4.16&#8243; _module_preset=&#8221;default&#8221; global_colors_info=&#8221;{}&#8221;]<\/p>\n<p>Aldapeta kalea 2,\u00a0 1. solairua, B atea, 3 bulegoa (20.300) Ir\u00fan GIPUZKOA<\/p>\n<p>T. 943 63 98 48<\/p>\n<p>[\/et_pb_text][et_pb_text _builder_version=&#8221;4.16&#8243; _module_preset=&#8221;default&#8221; text_font=&#8221;||||on||||&#8221; text_text_color=&#8221;#31B088&#8243; text_letter_spacing=&#8221;2px&#8221; global_colors_info=&#8221;{}&#8221;]<span style=\"color: #31b088;\"><a href=\"https:\/\/goo.gl\/maps\/Pv7jernvK3D2e68Z8\" target=\"_blank\" rel=\"noopener\" style=\"color: #31b088;\">EGOITZA MAPAN IKUSI<\/a><\/span>[\/et_pb_text][\/et_pb_column][\/et_pb_row][et_pb_row _builder_version=&#8221;4.27.6&#8243; _module_preset=&#8221;default&#8221; column_structure=&#8221;1_2,1_2&#8243; locked=&#8221;off&#8221;][et_pb_column _builder_version=&#8221;4.27.6&#8243; _module_preset=&#8221;default&#8221; type=&#8221;1_2&#8243;][et_pb_code _builder_version=&#8221;4.27.6&#8243; _module_preset=&#8221;default&#8221; hover_enabled=&#8221;0&#8243; sticky_enabled=&#8221;0&#8243;]<iframe src=\"https:\/\/www.google.com\/maps\/embed?pb=!1m18!1m12!1m3!1d5518.229816033956!2d-1.9828931000000003!3d43.319700499999996!2m3!1f0!2f0!3f0!3m2!1i1024!2i768!4f13.1!3m3!1m2!1s0xd51a5518237277d%3A0x2a0ab9f41a4f7028!2sFederacion%20Gipuzkoa%20Merkatariak!5e1!3m2!1ses!2ses!4v1777369574141!5m2!1ses!2ses\" width=\"600\" height=\"450\" style=\"border:0;\" allowfullscreen=\"\" loading=\"lazy\" referrerpolicy=\"no-referrer-when-downgrade\"><\/iframe>[\/et_pb_code][\/et_pb_column][et_pb_column _builder_version=&#8221;4.27.6&#8243; _module_preset=&#8221;default&#8221; type=&#8221;1_2&#8243;][et_pb_code _builder_version=&#8221;4.27.6&#8243; _module_preset=&#8221;default&#8221; hover_enabled=&#8221;0&#8243; sticky_enabled=&#8221;0&#8243;]<iframe src=\"https:\/\/www.google.com\/maps\/embed?pb=!1m18!1m12!1m3!1d3072.1274518143596!2d-2.4733301!3d43.1834685!2m3!1f0!2f0!3f0!3m2!1i1024!2i768!4f13.1!3m3!1m2!1s0xd4e2a89aa47c81f%3A0x59884ad1e0a09e57!2sAsociaci%C3%B3n%20Comerciantes%20Eibar!5e1!3m2!1ses!2ses!4v1777369623963!5m2!1ses!2ses\" width=\"600\" height=\"450\" style=\"border:0;\" allowfullscreen=\"\" loading=\"lazy\" referrerpolicy=\"no-referrer-when-downgrade\"><\/iframe>[\/et_pb_code][\/et_pb_column][\/et_pb_row][\/et_pb_section][et_pb_section fb_built=&#8221;1&#8243; module_id=&#8221;formulario&#8221; _builder_version=&#8221;4.16&#8243; _module_preset=&#8221;default&#8221; background_color=&#8221;#F0F3F6&#8243; custom_padding=&#8221;33px|||||&#8221; global_colors_info=&#8221;{}&#8221;][et_pb_row column_structure=&#8221;3_5,2_5&#8243; _builder_version=&#8221;4.16&#8243; _module_preset=&#8221;default&#8221; global_colors_info=&#8221;{}&#8221;][et_pb_column type=&#8221;3_5&#8243; _builder_version=&#8221;4.16&#8243; _module_preset=&#8221;default&#8221; global_colors_info=&#8221;{}&#8221;][et_pb_text _builder_version=&#8221;4.16&#8243; _module_preset=&#8221;default&#8221; text_font_size=&#8221;22px&#8221; text_line_height=&#8221;1.2em&#8221; global_colors_info=&#8221;{}&#8221;]Nahi baduzu zuzenean jar zaitez gurekin harremanetan: <span style=\"color: #31b088;\"><a href=\"mailto:federacion@gipuzkoamerkatariak.com\" style=\"color: #31b088;\">federacion@gipuzkoamerkatariak.com<\/a><\/span>[\/et_pb_text][et_pb_divider show_divider=&#8221;off&#8221; _builder_version=&#8221;4.16&#8243; _module_preset=&#8221;default&#8221; global_colors_info=&#8221;{}&#8221;][\/et_pb_divider][et_pb_code _builder_version=&#8221;4.16&#8243; _module_preset=&#8221;default&#8221; global_colors_info=&#8221;{}&#8221;]\n<div class=\"wpcf7 no-js\" id=\"wpcf7-f5007-o1\" lang=\"es-ES\" dir=\"ltr\" data-wpcf7-id=\"5007\">\n<div class=\"screen-reader-response\"><p role=\"status\" aria-live=\"polite\" aria-atomic=\"true\"><\/p> <ul><\/ul><\/div>\n<form action=\"\/eu\/wp-json\/wp\/v2\/pages\/4837#wpcf7-f5007-o1\" method=\"post\" class=\"wpcf7-form init\" aria-label=\"Contact form\" novalidate=\"novalidate\" data-status=\"init\">\n<fieldset class=\"hidden-fields-container\"><input type=\"hidden\" name=\"_wpcf7\" value=\"5007\" \/><input type=\"hidden\" name=\"_wpcf7_version\" value=\"6.1.5\" \/><input type=\"hidden\" name=\"_wpcf7_locale\" value=\"es_ES\" \/><input type=\"hidden\" name=\"_wpcf7_unit_tag\" value=\"wpcf7-f5007-o1\" \/><input type=\"hidden\" name=\"_wpcf7_container_post\" value=\"0\" \/><input type=\"hidden\" name=\"_wpcf7_posted_data_hash\" value=\"\" \/>\n<\/fieldset>\n<p><span class=\"wpcf7-form-control-wrap\" data-name=\"your-name\"><input size=\"40\" maxlength=\"400\" class=\"wpcf7-form-control wpcf7-text wpcf7-validates-as-required\" aria-required=\"true\" aria-invalid=\"false\" placeholder=\"Izen-Abizenak\" value=\"\" type=\"text\" name=\"your-name\" \/><\/span>\n<\/p>\n<p><span class=\"wpcf7-form-control-wrap\" data-name=\"your-email\"><input size=\"40\" maxlength=\"400\" class=\"wpcf7-form-control wpcf7-email wpcf7-validates-as-required wpcf7-text wpcf7-validates-as-email\" aria-required=\"true\" aria-invalid=\"false\" placeholder=\"Email\" value=\"\" type=\"email\" name=\"your-email\" \/><\/span>\n<\/p>\n<p><span class=\"wpcf7-form-control-wrap\" data-name=\"telefono\"><input size=\"40\" maxlength=\"400\" class=\"wpcf7-form-control wpcf7-tel wpcf7-validates-as-required wpcf7-text wpcf7-validates-as-tel\" aria-required=\"true\" aria-invalid=\"false\" placeholder=\"Telefonoa\" value=\"\" type=\"tel\" name=\"telefono\" \/><\/span>\n<\/p>\n<p><span class=\"wpcf7-form-control-wrap\" data-name=\"your-message\"><textarea cols=\"40\" rows=\"10\" maxlength=\"2000\" class=\"wpcf7-form-control wpcf7-textarea wpcf7-validates-as-required\" aria-required=\"true\" aria-invalid=\"false\" placeholder=\"Zure mezuaren arrazoia\" name=\"your-message\"><\/textarea><\/span><br \/>\n<span id=\"wpcf7-69f9d34d2800b-wrapper\" class=\"wpcf7-form-control-wrap web-17-wrap\" ><input type=\"hidden\" name=\"web-17-time-start\" value=\"1777980237\"><input type=\"hidden\" name=\"web-17-time-check\" value=\"4\"><label for=\"wpcf7-69f9d34d2800b-field\" class=\"hp-message\">Please leave this field empty.<\/label><input id=\"wpcf7-69f9d34d2800b-field\"  class=\"wpcf7-form-control wpcf7-text\" type=\"text\" name=\"web-17\" value=\"\" size=\"40\" tabindex=\"-1\" autocomplete=\"new-password\" \/><\/span><br \/>\n<span class=\"wpcf7-form-control-wrap\" data-name=\"acceptance-598\"><span class=\"wpcf7-form-control wpcf7-acceptance\"><span class=\"wpcf7-list-item\"><label><input type=\"checkbox\" name=\"acceptance-598\" value=\"1\" aria-invalid=\"false\" \/><span class=\"wpcf7-list-item-label\">Irakurri dut eta onartzen dut <a style=\"color:#000000;text-decoration:underline;\" href=\"https:\/\/www.gipuzkoamerkatariak.com\/eu\/politica-de-privacidad\">pribatutasun-politika<\/a>.<\/span><\/label><\/span><\/span><\/span><br \/>\n<br \/>\n<input class=\"wpcf7-form-control wpcf7-submit has-spinner\" type=\"submit\" value=\"Bidali\" \/><br \/>\n<\/p>\n<p style=\"line-height:1,1;font-size:12px;color:#808080;\"><br \/>\nResponsable de tratamiento: Federaci\u00f3n Mercantil de Gipuzkoa Merkatariak<br \/>\nFinalidad del tratamiento y Legitimaci\u00f3n: Gesti\u00f3n de los usuarios que contactan con Gipuzkoa Merkatariak a trav\u00e9s del formulario de contacto para solicitar informaci\u00f3n. Base legitimadora: Consentimiento del interesado al rellenar y enviar el formulario y al marcar la casilla aceptando este aviso de privacidad. Destinatarios de cesiones: No se ceder\u00e1n datos a terceros. Destinatario de transferencia internacional: No se realizan transferencias internacionales. Derechos de los interesados: A retirar su consentimiento en cualquier momento a oponerse al tratamiento, a acceder, rectificar y suprimir los datos, as\u00ed como otros derechos, como se explica en <a style=\"color:#31b088; text-decoration:underline;\" href=\"https:\/\/www.gipuzkoamerkatariak.com\/eu\/politica-de-privacidad\/\" target=\"_blank\">la informaci\u00f3n adicional<\/a> o escribiendo a federacion@gipuzkoamerkatariak.com Informaci\u00f3n adicional: Puede consultar la informaci\u00f3n adicional y detallada en: <a style=\"color:#31b088; text-decoration:underline;\" title=\"Ir a informaci\u00f3n adicional\" href=\"http:\/\/www.gipuzkoamerkatariak.com\/eu\/politica-de-privacidad\/\" target=\"_blank\">\u201c2\u00aa Capa: Informaci\u00f3n adicional y detallada\u201d<\/a>\n<\/p><p style=\"display: none !important;\" class=\"akismet-fields-container\" data-prefix=\"_wpcf7_ak_\"><label>&#916;<textarea name=\"_wpcf7_ak_hp_textarea\" cols=\"45\" rows=\"8\" maxlength=\"100\"><\/textarea><\/label><input type=\"hidden\" id=\"ak_js_1\" name=\"_wpcf7_ak_js\" value=\"87\"\/><script>document.getElementById( \"ak_js_1\" ).setAttribute( \"value\", ( new Date() ).getTime() );<\/script><\/p><div class=\"wpcf7-response-output\" aria-hidden=\"true\"><\/div>\n<\/form>\n<\/div>\n[\/et_pb_code][\/et_pb_column][et_pb_column type=&#8221;2_5&#8243; _builder_version=&#8221;4.16&#8243; _module_preset=&#8221;default&#8221; global_colors_info=&#8221;{}&#8221;][\/et_pb_column][\/et_pb_row][\/et_pb_section]<\/p>\n","protected":false},"excerpt":{"rendered":"<p>HarremanetarakoEGOITZAK IKUSIInformazio gehiago nahi baduzu bete jarraian duzun formularioa eta zurekin jarriko gara harremanetan ahalik eta arinen.EgoitzakDONOSTIA &#8211; SAN SEBASTI\u00c1NGaribai Kalea 36 (20.004) Donostia\u00a0 GIPUZKOA T. 943 42 55 57 | F. 943 42 07 79EGOITZA MAPAN IKUSIEIBARUnzaga Plaza, 7, behea 3 (20.600) EibarGIPUZKOA T. 943 20 66 69 | F. 943 20 66 23EGOITZA [&hellip;]<\/p>\n","protected":false},"author":2,"featured_media":0,"parent":0,"menu_order":90,"comment_status":"closed","ping_status":"closed","template":"","meta":{"_et_pb_use_builder":"on","_et_pb_old_content":"","_et_gb_content_width":"","footnotes":""},"class_list":["post-4837","page","type-page","status-publish","hentry"],"yoast_head":"<!-- This site is optimized with the Yoast SEO plugin v27.1.1 - https:\/\/yoast.com\/product\/yoast-seo-wordpress\/ -->\n<title>Kontaktua - Gipuzkoa Merkatariak - Federaci\u00f3n Mercantil de Gipuzkoa<\/title>\n<meta name=\"description\" content=\"Contacto | Federaci\u00f3n Mercantil de Comerciantes de Gipuzkoa con asociaciones sectoriales y de zonas | Gipuzkoa Merkatariak\" \/>\n<meta name=\"robots\" content=\"index, follow, max-snippet:-1, max-image-preview:large, max-video-preview:-1\" \/>\n<link rel=\"canonical\" href=\"https:\/\/gipuzkoamerkatariak.com\/contacto\/\" \/>\n<meta property=\"og:locale\" content=\"eu_ES\" \/>\n<meta property=\"og:type\" content=\"article\" \/>\n<meta property=\"og:title\" content=\"Kontaktua - Gipuzkoa Merkatariak - Federaci\u00f3n Mercantil de Gipuzkoa\" \/>\n<meta property=\"og:description\" content=\"Contacto | Federaci\u00f3n Mercantil de Comerciantes de Gipuzkoa con asociaciones sectoriales y de zonas | Gipuzkoa Merkatariak\" \/>\n<meta property=\"og:url\" content=\"https:\/\/gipuzkoamerkatariak.com\/contacto\/\" \/>\n<meta property=\"og:site_name\" content=\"Gipuzkoa Merkatariak - Federaci\u00f3n Mercantil de Gipuzkoa\" \/>\n<meta property=\"article:modified_time\" content=\"2026-04-28T09:49:22+00:00\" \/>\n<meta name=\"twitter:card\" content=\"summary_large_image\" \/>\n<meta name=\"twitter:label1\" content=\"Est. reading time\" \/>\n\t<meta name=\"twitter:data1\" content=\"5 minutes\" \/>\n<script type=\"application\/ld+json\" class=\"yoast-schema-graph\">{\"@context\":\"https:\/\/schema.org\",\"@graph\":[{\"@type\":\"WebPage\",\"@id\":\"https:\/\/gipuzkoamerkatariak.com\/contacto\/\",\"url\":\"https:\/\/gipuzkoamerkatariak.com\/contacto\/\",\"name\":\"Kontaktua - Gipuzkoa Merkatariak - Federaci\u00f3n Mercantil de Gipuzkoa\",\"isPartOf\":{\"@id\":\"https:\/\/gipuzkoamerkatariak.com\/#website\"},\"datePublished\":\"2021-05-20T15:50:48+00:00\",\"dateModified\":\"2026-04-28T09:49:22+00:00\",\"description\":\"Contacto | Federaci\u00f3n Mercantil de Comerciantes de Gipuzkoa con asociaciones sectoriales y de zonas | Gipuzkoa Merkatariak\",\"breadcrumb\":{\"@id\":\"https:\/\/gipuzkoamerkatariak.com\/contacto\/#breadcrumb\"},\"inLanguage\":\"eu-ES\",\"potentialAction\":[{\"@type\":\"ReadAction\",\"target\":[\"https:\/\/gipuzkoamerkatariak.com\/contacto\/\"]}]},{\"@type\":\"BreadcrumbList\",\"@id\":\"https:\/\/gipuzkoamerkatariak.com\/contacto\/#breadcrumb\",\"itemListElement\":[{\"@type\":\"ListItem\",\"position\":1,\"name\":\"Hasiera\",\"item\":\"https:\/\/gipuzkoamerkatariak.com\/eu\/\"},{\"@type\":\"ListItem\",\"position\":2,\"name\":\"Kontaktua\"}]},{\"@type\":\"WebSite\",\"@id\":\"https:\/\/gipuzkoamerkatariak.com\/#website\",\"url\":\"https:\/\/gipuzkoamerkatariak.com\/\",\"name\":\"Gipuzkoa Merkatariak - Federaci\u00f3n Mercantil de Gipuzkoa\",\"description\":\"Gipuzkoa Merkatariak - Federaci\u00f3n Mercantil de Gipuzkoa\",\"publisher\":{\"@id\":\"https:\/\/gipuzkoamerkatariak.com\/#organization\"},\"potentialAction\":[{\"@type\":\"SearchAction\",\"target\":{\"@type\":\"EntryPoint\",\"urlTemplate\":\"https:\/\/gipuzkoamerkatariak.com\/?s={search_term_string}\"},\"query-input\":{\"@type\":\"PropertyValueSpecification\",\"valueRequired\":true,\"valueName\":\"search_term_string\"}}],\"inLanguage\":\"eu-ES\"},{\"@type\":\"Organization\",\"@id\":\"https:\/\/gipuzkoamerkatariak.com\/#organization\",\"name\":\"Gipuzkoa Merkatariak\",\"url\":\"https:\/\/gipuzkoamerkatariak.com\/\",\"logo\":{\"@type\":\"ImageObject\",\"inLanguage\":\"eu-ES\",\"@id\":\"https:\/\/gipuzkoamerkatariak.com\/#\/schema\/logo\/image\/\",\"url\":\"https:\/\/gipuzkoamerkatariak.com\/wp-content\/uploads\/2021\/05\/Federacion-Mercantil-de-Gipuzkoa-Merkatariak-logo.png\",\"contentUrl\":\"https:\/\/gipuzkoamerkatariak.com\/wp-content\/uploads\/2021\/05\/Federacion-Mercantil-de-Gipuzkoa-Merkatariak-logo.png\",\"width\":249,\"height\":89,\"caption\":\"Gipuzkoa Merkatariak\"},\"image\":{\"@id\":\"https:\/\/gipuzkoamerkatariak.com\/#\/schema\/logo\/image\/\"}}]}<\/script>\n<!-- \/ Yoast SEO plugin. -->","yoast_head_json":{"title":"Kontaktua - Gipuzkoa Merkatariak - Federaci\u00f3n Mercantil de Gipuzkoa","description":"Contacto | Federaci\u00f3n Mercantil de Comerciantes de Gipuzkoa con asociaciones sectoriales y de zonas | Gipuzkoa Merkatariak","robots":{"index":"index","follow":"follow","max-snippet":"max-snippet:-1","max-image-preview":"max-image-preview:large","max-video-preview":"max-video-preview:-1"},"canonical":"https:\/\/gipuzkoamerkatariak.com\/contacto\/","og_locale":"eu_ES","og_type":"article","og_title":"Kontaktua - Gipuzkoa Merkatariak - Federaci\u00f3n Mercantil de Gipuzkoa","og_description":"Contacto | Federaci\u00f3n Mercantil de Comerciantes de Gipuzkoa con asociaciones sectoriales y de zonas | Gipuzkoa Merkatariak","og_url":"https:\/\/gipuzkoamerkatariak.com\/contacto\/","og_site_name":"Gipuzkoa Merkatariak - Federaci\u00f3n Mercantil de Gipuzkoa","article_modified_time":"2026-04-28T09:49:22+00:00","twitter_card":"summary_large_image","twitter_misc":{"Est. reading time":"5 minutes"},"schema":{"@context":"https:\/\/schema.org","@graph":[{"@type":"WebPage","@id":"https:\/\/gipuzkoamerkatariak.com\/contacto\/","url":"https:\/\/gipuzkoamerkatariak.com\/contacto\/","name":"Kontaktua - Gipuzkoa Merkatariak - Federaci\u00f3n Mercantil de Gipuzkoa","isPartOf":{"@id":"https:\/\/gipuzkoamerkatariak.com\/#website"},"datePublished":"2021-05-20T15:50:48+00:00","dateModified":"2026-04-28T09:49:22+00:00","description":"Contacto | Federaci\u00f3n Mercantil de Comerciantes de Gipuzkoa con asociaciones sectoriales y de zonas | Gipuzkoa Merkatariak","breadcrumb":{"@id":"https:\/\/gipuzkoamerkatariak.com\/contacto\/#breadcrumb"},"inLanguage":"eu-ES","potentialAction":[{"@type":"ReadAction","target":["https:\/\/gipuzkoamerkatariak.com\/contacto\/"]}]},{"@type":"BreadcrumbList","@id":"https:\/\/gipuzkoamerkatariak.com\/contacto\/#breadcrumb","itemListElement":[{"@type":"ListItem","position":1,"name":"Hasiera","item":"https:\/\/gipuzkoamerkatariak.com\/eu\/"},{"@type":"ListItem","position":2,"name":"Kontaktua"}]},{"@type":"WebSite","@id":"https:\/\/gipuzkoamerkatariak.com\/#website","url":"https:\/\/gipuzkoamerkatariak.com\/","name":"Gipuzkoa Merkatariak - Federaci\u00f3n Mercantil de Gipuzkoa","description":"Gipuzkoa Merkatariak - Federaci\u00f3n Mercantil de Gipuzkoa","publisher":{"@id":"https:\/\/gipuzkoamerkatariak.com\/#organization"},"potentialAction":[{"@type":"SearchAction","target":{"@type":"EntryPoint","urlTemplate":"https:\/\/gipuzkoamerkatariak.com\/?s={search_term_string}"},"query-input":{"@type":"PropertyValueSpecification","valueRequired":true,"valueName":"search_term_string"}}],"inLanguage":"eu-ES"},{"@type":"Organization","@id":"https:\/\/gipuzkoamerkatariak.com\/#organization","name":"Gipuzkoa Merkatariak","url":"https:\/\/gipuzkoamerkatariak.com\/","logo":{"@type":"ImageObject","inLanguage":"eu-ES","@id":"https:\/\/gipuzkoamerkatariak.com\/#\/schema\/logo\/image\/","url":"https:\/\/gipuzkoamerkatariak.com\/wp-content\/uploads\/2021\/05\/Federacion-Mercantil-de-Gipuzkoa-Merkatariak-logo.png","contentUrl":"https:\/\/gipuzkoamerkatariak.com\/wp-content\/uploads\/2021\/05\/Federacion-Mercantil-de-Gipuzkoa-Merkatariak-logo.png","width":249,"height":89,"caption":"Gipuzkoa Merkatariak"},"image":{"@id":"https:\/\/gipuzkoamerkatariak.com\/#\/schema\/logo\/image\/"}}]}},"_links":{"self":[{"href":"https:\/\/gipuzkoamerkatariak.com\/eu\/wp-json\/wp\/v2\/pages\/4837","targetHints":{"allow":["GET"]}}],"collection":[{"href":"https:\/\/gipuzkoamerkatariak.com\/eu\/wp-json\/wp\/v2\/pages"}],"about":[{"href":"https:\/\/gipuzkoamerkatariak.com\/eu\/wp-json\/wp\/v2\/types\/page"}],"author":[{"embeddable":true,"href":"https:\/\/gipuzkoamerkatariak.com\/eu\/wp-json\/wp\/v2\/users\/2"}],"replies":[{"embeddable":true,"href":"https:\/\/gipuzkoamerkatariak.com\/eu\/wp-json\/wp\/v2\/comments?post=4837"}],"version-history":[{"count":9,"href":"https:\/\/gipuzkoamerkatariak.com\/eu\/wp-json\/wp\/v2\/pages\/4837\/revisions"}],"predecessor-version":[{"id":35824,"href":"https:\/\/gipuzkoamerkatariak.com\/eu\/wp-json\/wp\/v2\/pages\/4837\/revisions\/35824"}],"wp:attachment":[{"href":"https:\/\/gipuzkoamerkatariak.com\/eu\/wp-json\/wp\/v2\/media?parent=4837"}],"curies":[{"name":"wp","href":"https:\/\/api.w.org\/{rel}","templated":true}]}}