{"id":4879,"date":"2021-05-20T17:49:08","date_gmt":"2021-05-20T15:49:08","guid":{"rendered":"https:\/\/gipuzkoamerkatariak.com\/aviso-legal\/"},"modified":"2021-05-20T17:49:08","modified_gmt":"2021-05-20T15:49:08","slug":"aviso-legal","status":"publish","type":"page","link":"https:\/\/gipuzkoamerkatariak.com\/eu\/aviso-legal\/","title":{"rendered":"Aviso Legal"},"content":{"rendered":"<p>[et_pb_section fb_built=&#8221;1&#8243; _builder_version=&#8221;3.22&#8243;][et_pb_row _builder_version=&#8221;3.25&#8243; background_size=&#8221;initial&#8221; background_position=&#8221;top_left&#8221; background_repeat=&#8221;repeat&#8221;][et_pb_column type=&#8221;4_4&#8243; _builder_version=&#8221;3.25&#8243; custom_padding=&#8221;|||&#8221; custom_padding__hover=&#8221;|||&#8221;][et_pb_text _builder_version=&#8221;4.9.4&#8243; background_size=&#8221;initial&#8221; background_position=&#8221;top_left&#8221; background_repeat=&#8221;repeat&#8221; hover_enabled=&#8221;0&#8243; sticky_enabled=&#8221;0&#8243;]<\/p>\n<h1>Aviso Legal<\/h1>\n<p>&nbsp;<\/p>\n<p>El presente aviso legal (en adelante el \u201cAviso Legal\u201d) regula el uso del servicio del portal de internet http:\/\/www.fmg.es (en adelante \u201cweb\u201d), titularidad de la Federaci\u00f3n Mercantil de Gipuzkoa (en adelante FMG), con C.I.F. G-20045993 y sita en la Calle Garibai, 36 &#8211; 20004, Donostia-San Sebasti\u00e1n (Gipuzkoa).<\/p>\n<p>Los derechos de propiedad intelectual del contenido de la web, su dise\u00f1o gr\u00e1fico y c\u00f3digos son titularidad de FMG, y por lo tanto, queda prohibida su reproducci\u00f3n, distribuci\u00f3n, comunicaci\u00f3n p\u00fablica, transformaci\u00f3n o cualquier otra actividad que se pueda realizar con los contenidos de la web ni a\u00fan citando las fuentes, salvo consentimiento expreso por escrito de la FMG.<\/p>\n<p>La FMG advierte expresamente que el contenido que se da en esta web no tiene por qu\u00e9 ajustarse a cualquier uso personal, sino que lo es oportuno plantear los asuntos de forma personal e individualizada a fin de que puedan darse las respuestas necesarias en el mismo sentido.<\/p>\n<p>La FMG no se identifica con las opiniones vertidas en la web por sus colaboradores.<\/p>\n<p>El usuario queda informado, y acepta, que el acceso a la presente web no supone, en modo alguno, el inicio de una relaci\u00f3n comercial con la FMG.<\/p>\n<p>La FMG se reserva el derecho de efectuar sin previo aviso las modificaciones que considere oportunas en su web, pudiendo cambiar, suprimir o a\u00f1adir tanto los contenidos y servicios que se presten a trav\u00e9s de la misma, como la forma en la que \u00e9stos aparezcan presentados o localizados en sus servidores.<\/p>\n<p>La FMG advierte expresamente que el contenido ofrecido en esta web<\/p>\n<p>Los enlaces existentes en esta web son proporcionados de buena fe y su inclusi\u00f3n tiene una finalidad meramente informativa sin que esto suponga en ning\u00fan caso sugerencia, invitaci\u00f3n o recomendaci\u00f3n sobre los mismos.<\/p>\n<p>La FMG declara que no tiene control alguno sobre dichos enlaces y declina cualquier tipo de responsabilidad sobre los mismos.<\/p>\n<p>Ni la FMG, ni ninguna otra parte implicada en la creaci\u00f3n, producci\u00f3n o suministro de esta web ser\u00e1n responsables de da\u00f1os, costos, p\u00e9rdidas o responsabilidades de cualquier tipo que puedan producirse por el acceso o uso de esta web.<\/p>\n<p>[\/et_pb_text][\/et_pb_column][\/et_pb_row][\/et_pb_section]<\/p>\n","protected":false},"excerpt":{"rendered":"<p>Aviso Legal &nbsp; El presente aviso legal (en adelante el \u201cAviso Legal\u201d) regula el uso del servicio del portal de internet http:\/\/www.fmg.es (en adelante \u201cweb\u201d), titularidad de la Federaci\u00f3n Mercantil de Gipuzkoa (en adelante FMG), con C.I.F. G-20045993 y sita en la Calle Garibai, 36 &#8211; 20004, Donostia-San Sebasti\u00e1n (Gipuzkoa). Los derechos de propiedad intelectual [&hellip;]<\/p>\n","protected":false},"author":2,"featured_media":0,"parent":0,"menu_order":97,"comment_status":"closed","ping_status":"closed","template":"","meta":{"_et_pb_use_builder":"on","_et_pb_old_content":"El presente aviso legal (en adelante el \u201cAviso Legal\u201d) regula el uso del servicio del portal de internet  http:\/\/www.fmg.es (en adelante \u201cweb\u201d), titularidad de la Federaci\u00f3n Mercantil de Gipuzkoa (en adelante FMG), con C.I.F. G-20045993 y sita en la Calle Garibai, 36 - 20004, Donostia-San Sebasti\u00e1n (Gipuzkoa).\r\n\r\nLos derechos de propiedad intelectual del contenido de la web, su dise\u00f1o gr\u00e1fico y c\u00f3digos son titularidad de FMG, y por lo tanto, queda prohibida su reproducci\u00f3n, distribuci\u00f3n, comunicaci\u00f3n p\u00fablica, transformaci\u00f3n o cualquier otra actividad que se pueda realizar con los contenidos de la web ni a\u00fan citando las fuentes, salvo consentimiento expreso por escrito de la FMG.\r\n\r\nLa FMG advierte expresamente que el contenido que se da en esta web no tiene por qu\u00e9 ajustarse a cualquier uso personal, sino que lo es oportuno plantear los asuntos de forma personal e individualizada a fin de que puedan darse las respuestas necesarias en el mismo sentido.\r\n\r\nLa FMG no se identifica con las opiniones vertidas en la web por sus colaboradores.\r\n\r\nEl usuario queda informado, y acepta, que el acceso a la presente web no supone, en modo alguno, el inicio de una relaci\u00f3n comercial con la FMG.\r\n\r\nLa FMG se reserva el derecho de efectuar sin previo aviso las modificaciones que considere oportunas en su web, pudiendo cambiar, suprimir o a\u00f1adir tanto los contenidos y servicios que se presten a trav\u00e9s de la misma, como la forma en la que \u00e9stos aparezcan presentados o localizados en sus servidores.\r\n\r\nLa FMG advierte expresamente que el contenido ofrecido en esta web\r\n\r\nLos enlaces existentes en esta web son proporcionados de buena fe y su inclusi\u00f3n tiene una finalidad meramente informativa sin que esto suponga en ning\u00fan caso sugerencia, invitaci\u00f3n o recomendaci\u00f3n sobre los mismos.\r\n\r\nLa FMG declara que no tiene control alguno sobre dichos enlaces y declina cualquier tipo de responsabilidad sobre los mismos.\r\n\r\nNi la FMG, ni ninguna otra parte implicada en la creaci\u00f3n, producci\u00f3n o suministro de esta web ser\u00e1n responsables de da\u00f1os, costos, p\u00e9rdidas o responsabilidades de cualquier tipo que puedan producirse por el acceso o uso de esta web.","_et_gb_content_width":"","footnotes":""},"class_list":["post-4879","page","type-page","status-publish","hentry"],"yoast_head":"<!-- This site is optimized with the Yoast SEO plugin v27.1.1 - https:\/\/yoast.com\/product\/yoast-seo-wordpress\/ -->\n<title>Aviso Legal - Gipuzkoa Merkatariak - Federaci\u00f3n Mercantil de Gipuzkoa<\/title>\n<meta name=\"description\" content=\"Federaci\u00f3n Mercantil de Comerciantes de Gipuzkoa con asociaciones sectoriales y de zonas | Gipuzkoa Merkatariak | 943 425 557 | 943 206 669\" \/>\n<meta name=\"robots\" content=\"noindex, nofollow\" \/>\n<meta property=\"og:locale\" content=\"eu_ES\" \/>\n<meta property=\"og:type\" content=\"article\" \/>\n<meta property=\"og:title\" content=\"Aviso Legal - Gipuzkoa Merkatariak - Federaci\u00f3n Mercantil de Gipuzkoa\" \/>\n<meta property=\"og:description\" content=\"Federaci\u00f3n Mercantil de Comerciantes de Gipuzkoa con asociaciones sectoriales y de zonas | Gipuzkoa Merkatariak | 943 425 557 | 943 206 669\" \/>\n<meta property=\"og:url\" content=\"https:\/\/gipuzkoamerkatariak.com\/eu\/aviso-legal\/\" \/>\n<meta property=\"og:site_name\" content=\"Gipuzkoa Merkatariak - Federaci\u00f3n Mercantil de Gipuzkoa\" \/>\n<meta name=\"twitter:card\" content=\"summary_large_image\" \/>\n<meta name=\"twitter:label1\" content=\"Est. reading time\" \/>\n\t<meta name=\"twitter:data1\" content=\"5 minutes\" \/>\n<script type=\"application\/ld+json\" class=\"yoast-schema-graph\">{\"@context\":\"https:\/\/schema.org\",\"@graph\":[{\"@type\":\"WebPage\",\"@id\":\"https:\/\/gipuzkoamerkatariak.com\/eu\/aviso-legal\/\",\"url\":\"https:\/\/gipuzkoamerkatariak.com\/eu\/aviso-legal\/\",\"name\":\"Aviso Legal - Gipuzkoa Merkatariak - Federaci\u00f3n Mercantil de Gipuzkoa\",\"isPartOf\":{\"@id\":\"https:\/\/gipuzkoamerkatariak.com\/#website\"},\"datePublished\":\"2021-05-20T15:49:08+00:00\",\"description\":\"Federaci\u00f3n Mercantil de Comerciantes de Gipuzkoa con asociaciones sectoriales y de zonas | Gipuzkoa Merkatariak | 943 425 557 | 943 206 669\",\"breadcrumb\":{\"@id\":\"https:\/\/gipuzkoamerkatariak.com\/eu\/aviso-legal\/#breadcrumb\"},\"inLanguage\":\"eu-ES\",\"potentialAction\":[{\"@type\":\"ReadAction\",\"target\":[\"https:\/\/gipuzkoamerkatariak.com\/eu\/aviso-legal\/\"]}]},{\"@type\":\"BreadcrumbList\",\"@id\":\"https:\/\/gipuzkoamerkatariak.com\/eu\/aviso-legal\/#breadcrumb\",\"itemListElement\":[{\"@type\":\"ListItem\",\"position\":1,\"name\":\"Hasiera\",\"item\":\"https:\/\/gipuzkoamerkatariak.com\/eu\/\"},{\"@type\":\"ListItem\",\"position\":2,\"name\":\"Aviso Legal\"}]},{\"@type\":\"WebSite\",\"@id\":\"https:\/\/gipuzkoamerkatariak.com\/#website\",\"url\":\"https:\/\/gipuzkoamerkatariak.com\/\",\"name\":\"Gipuzkoa Merkatariak - Federaci\u00f3n Mercantil de Gipuzkoa\",\"description\":\"Gipuzkoa Merkatariak - Federaci\u00f3n Mercantil de Gipuzkoa\",\"publisher\":{\"@id\":\"https:\/\/gipuzkoamerkatariak.com\/#organization\"},\"potentialAction\":[{\"@type\":\"SearchAction\",\"target\":{\"@type\":\"EntryPoint\",\"urlTemplate\":\"https:\/\/gipuzkoamerkatariak.com\/?s={search_term_string}\"},\"query-input\":{\"@type\":\"PropertyValueSpecification\",\"valueRequired\":true,\"valueName\":\"search_term_string\"}}],\"inLanguage\":\"eu-ES\"},{\"@type\":\"Organization\",\"@id\":\"https:\/\/gipuzkoamerkatariak.com\/#organization\",\"name\":\"Gipuzkoa Merkatariak\",\"url\":\"https:\/\/gipuzkoamerkatariak.com\/\",\"logo\":{\"@type\":\"ImageObject\",\"inLanguage\":\"eu-ES\",\"@id\":\"https:\/\/gipuzkoamerkatariak.com\/#\/schema\/logo\/image\/\",\"url\":\"https:\/\/gipuzkoamerkatariak.com\/wp-content\/uploads\/2021\/05\/Federacion-Mercantil-de-Gipuzkoa-Merkatariak-logo.png\",\"contentUrl\":\"https:\/\/gipuzkoamerkatariak.com\/wp-content\/uploads\/2021\/05\/Federacion-Mercantil-de-Gipuzkoa-Merkatariak-logo.png\",\"width\":249,\"height\":89,\"caption\":\"Gipuzkoa Merkatariak\"},\"image\":{\"@id\":\"https:\/\/gipuzkoamerkatariak.com\/#\/schema\/logo\/image\/\"}}]}<\/script>\n<!-- \/ Yoast SEO plugin. -->","yoast_head_json":{"title":"Aviso Legal - Gipuzkoa Merkatariak - Federaci\u00f3n Mercantil de Gipuzkoa","description":"Federaci\u00f3n Mercantil de Comerciantes de Gipuzkoa con asociaciones sectoriales y de zonas | Gipuzkoa Merkatariak | 943 425 557 | 943 206 669","robots":{"index":"noindex","follow":"nofollow"},"og_locale":"eu_ES","og_type":"article","og_title":"Aviso Legal - Gipuzkoa Merkatariak - Federaci\u00f3n Mercantil de Gipuzkoa","og_description":"Federaci\u00f3n Mercantil de Comerciantes de Gipuzkoa con asociaciones sectoriales y de zonas | Gipuzkoa Merkatariak | 943 425 557 | 943 206 669","og_url":"https:\/\/gipuzkoamerkatariak.com\/eu\/aviso-legal\/","og_site_name":"Gipuzkoa Merkatariak - Federaci\u00f3n Mercantil de Gipuzkoa","twitter_card":"summary_large_image","twitter_misc":{"Est. reading time":"5 minutes"},"schema":{"@context":"https:\/\/schema.org","@graph":[{"@type":"WebPage","@id":"https:\/\/gipuzkoamerkatariak.com\/eu\/aviso-legal\/","url":"https:\/\/gipuzkoamerkatariak.com\/eu\/aviso-legal\/","name":"Aviso Legal - Gipuzkoa Merkatariak - Federaci\u00f3n Mercantil de Gipuzkoa","isPartOf":{"@id":"https:\/\/gipuzkoamerkatariak.com\/#website"},"datePublished":"2021-05-20T15:49:08+00:00","description":"Federaci\u00f3n Mercantil de Comerciantes de Gipuzkoa con asociaciones sectoriales y de zonas | Gipuzkoa Merkatariak | 943 425 557 | 943 206 669","breadcrumb":{"@id":"https:\/\/gipuzkoamerkatariak.com\/eu\/aviso-legal\/#breadcrumb"},"inLanguage":"eu-ES","potentialAction":[{"@type":"ReadAction","target":["https:\/\/gipuzkoamerkatariak.com\/eu\/aviso-legal\/"]}]},{"@type":"BreadcrumbList","@id":"https:\/\/gipuzkoamerkatariak.com\/eu\/aviso-legal\/#breadcrumb","itemListElement":[{"@type":"ListItem","position":1,"name":"Hasiera","item":"https:\/\/gipuzkoamerkatariak.com\/eu\/"},{"@type":"ListItem","position":2,"name":"Aviso Legal"}]},{"@type":"WebSite","@id":"https:\/\/gipuzkoamerkatariak.com\/#website","url":"https:\/\/gipuzkoamerkatariak.com\/","name":"Gipuzkoa Merkatariak - Federaci\u00f3n Mercantil de Gipuzkoa","description":"Gipuzkoa Merkatariak - Federaci\u00f3n Mercantil de Gipuzkoa","publisher":{"@id":"https:\/\/gipuzkoamerkatariak.com\/#organization"},"potentialAction":[{"@type":"SearchAction","target":{"@type":"EntryPoint","urlTemplate":"https:\/\/gipuzkoamerkatariak.com\/?s={search_term_string}"},"query-input":{"@type":"PropertyValueSpecification","valueRequired":true,"valueName":"search_term_string"}}],"inLanguage":"eu-ES"},{"@type":"Organization","@id":"https:\/\/gipuzkoamerkatariak.com\/#organization","name":"Gipuzkoa Merkatariak","url":"https:\/\/gipuzkoamerkatariak.com\/","logo":{"@type":"ImageObject","inLanguage":"eu-ES","@id":"https:\/\/gipuzkoamerkatariak.com\/#\/schema\/logo\/image\/","url":"https:\/\/gipuzkoamerkatariak.com\/wp-content\/uploads\/2021\/05\/Federacion-Mercantil-de-Gipuzkoa-Merkatariak-logo.png","contentUrl":"https:\/\/gipuzkoamerkatariak.com\/wp-content\/uploads\/2021\/05\/Federacion-Mercantil-de-Gipuzkoa-Merkatariak-logo.png","width":249,"height":89,"caption":"Gipuzkoa Merkatariak"},"image":{"@id":"https:\/\/gipuzkoamerkatariak.com\/#\/schema\/logo\/image\/"}}]}},"_links":{"self":[{"href":"https:\/\/gipuzkoamerkatariak.com\/eu\/wp-json\/wp\/v2\/pages\/4879","targetHints":{"allow":["GET"]}}],"collection":[{"href":"https:\/\/gipuzkoamerkatariak.com\/eu\/wp-json\/wp\/v2\/pages"}],"about":[{"href":"https:\/\/gipuzkoamerkatariak.com\/eu\/wp-json\/wp\/v2\/types\/page"}],"author":[{"embeddable":true,"href":"https:\/\/gipuzkoamerkatariak.com\/eu\/wp-json\/wp\/v2\/users\/2"}],"replies":[{"embeddable":true,"href":"https:\/\/gipuzkoamerkatariak.com\/eu\/wp-json\/wp\/v2\/comments?post=4879"}],"version-history":[{"count":0,"href":"https:\/\/gipuzkoamerkatariak.com\/eu\/wp-json\/wp\/v2\/pages\/4879\/revisions"}],"wp:attachment":[{"href":"https:\/\/gipuzkoamerkatariak.com\/eu\/wp-json\/wp\/v2\/media?parent=4879"}],"curies":[{"name":"wp","href":"https:\/\/api.w.org\/{rel}","templated":true}]}}